{"id":2917,"date":"2021-04-29T15:26:34","date_gmt":"2021-04-29T19:26:39","guid":{"rendered":"https:\/\/barbonchocolate.com\/?post_type=product&#038;p=2917"},"modified":"2021-04-29T15:41:01","modified_gmt":"2021-04-29T19:41:01","slug":"leopard-70-erable-croquant-honduras","status":"publish","type":"product","link":"https:\/\/barbonchocolate.com\/fr\/shop\/leopard-70-erable-croquant-honduras\/","title":{"rendered":"L\u00c9OPARD 70 % \u00c9RABLE CROQUANT (Honduras)"},"content":{"rendered":"<p>Ce chocolat 70 % avec des inclusions de caramel \u00e0 l\u2019\u00e9rable croquant et fleur de sel est le plus sucr\u00e9 des chocolats de la famille Barbon. 100 % v\u00e9g\u00e9talien, le caramel ne contient aucun produit laitier et est fait \u00e0 partir du plus fin sirop d\u2019\u00e9rable du Qu\u00e9bec. Les taches cr\u00e9\u00e9es par les inclusions de caramel plac\u00e9es \u00e0 la surface de la tablette lui donnent une apparence de l\u00e9opard, en ajoutant un c\u00f4t\u00e9 unique et novateur \u00e0 l\u2019aspect du chocolat au caramel moderne.<br \/>\nEssayez-le avec du scotch ou un espresso.<\/p>\n<p>&nbsp;<\/p>\n","protected":false},"excerpt":{"rendered":"<p><strong>CAD<\/strong><\/p>\n<p>Origine du cacao : Honduras<\/p>\n<p>Ingr\u00e9dients :<br \/>\nF\u00e8ves de cacao biologiques, sucre biologique, beurre de cacao biologique, caramel (sirop d&rsquo;\u00e9rable, cr\u00e8me de coco, fleur de sel), vanille pure.<br \/>\nSans gluten, soya, produits laitiers, additifs, conservateurs, \u00e9mulsifiants ou ar\u00f4mes artificiels.<br \/>\n100% V\u00e9g\u00e9talien.<\/p>\n<p>48 g.<\/p>\n","protected":false},"featured_media":2921,"template":"","meta":[],"product_brand":[],"product_cat":[95],"product_tag":[90,88,96,83,92,84,85,97,86,91,93,87,98,89],"class_list":{"0":"post-2917","1":"product","2":"type-product","3":"status-publish","4":"has-post-thumbnail","6":"product_cat-produitunique","7":"product_tag-basensucre","8":"product_tag-biologique","9":"product_tag-caramel-fr","10":"product_tag-chocolat","11":"product_tag-chocolatdelafevealatablette","12":"product_tag-chocolatnoir","13":"product_tag-delafevealatablette","14":"product_tag-erable","15":"product_tag-fevesdecacao","16":"product_tag-honduras-fr","17":"product_tag-keto-fr","18":"product_tag-originepure","19":"product_tag-sansproduitslaitiers","20":"product_tag-vegetalien","22":"first","23":"instock","24":"taxable","25":"shipping-taxable","26":"purchasable","27":"product-type-simple"},"yoast_head":"<!-- This site is optimized with the Yoast SEO plugin v27.5 - https:\/\/yoast.com\/product\/yoast-seo-wordpress\/ -->\n<title>L\u00c9OPARD 70 % \u00c9RABLE CROQUANT (Honduras) - Barbon Chocolate<\/title>\n<meta name=\"robots\" content=\"index, follow, max-snippet:-1, max-image-preview:large, max-video-preview:-1\" \/>\n<link rel=\"canonical\" href=\"https:\/\/barbonchocolate.com\/fr\/shop\/leopard-70-erable-croquant-honduras\/\" \/>\n<meta property=\"og:locale\" content=\"fr_FR\" \/>\n<meta property=\"og:type\" content=\"article\" \/>\n<meta property=\"og:title\" content=\"L\u00c9OPARD 70 % \u00c9RABLE CROQUANT (Honduras) - Barbon Chocolate\" \/>\n<meta property=\"og:description\" content=\"CAD  Origine du cacao : Honduras  Ingr\u00e9dients : F\u00e8ves de cacao biologiques, sucre biologique, beurre de cacao biologique, caramel (sirop d&#039;\u00e9rable, cr\u00e8me de coco, fleur de sel), vanille pure. Sans gluten, soya, produits laitiers, additifs, conservateurs, \u00e9mulsifiants ou ar\u00f4mes artificiels. 100% V\u00e9g\u00e9talien.  48 g.\" \/>\n<meta property=\"og:url\" content=\"https:\/\/barbonchocolate.com\/fr\/shop\/leopard-70-erable-croquant-honduras\/\" \/>\n<meta property=\"og:site_name\" content=\"Barbon Chocolate\" \/>\n<meta property=\"article:publisher\" content=\"http:\/\/facebook.com\/barbonchocolate.com\" \/>\n<meta property=\"article:modified_time\" content=\"2021-04-29T19:41:01+00:00\" \/>\n<meta property=\"og:image\" content=\"https:\/\/barbonchocolate.com\/wp-content\/uploads\/2019\/08\/2-LE\u0301OPARD-5000x5000-me\u0301daille_low-scaled.jpg\" \/>\n\t<meta property=\"og:image:width\" content=\"2560\" \/>\n\t<meta property=\"og:image:height\" content=\"2560\" \/>\n\t<meta property=\"og:image:type\" content=\"image\/jpeg\" \/>\n<meta name=\"twitter:card\" content=\"summary_large_image\" \/>\n<meta name=\"twitter:image\" content=\"https:\/\/barbonchocolate.com\/wp-content\/uploads\/2019\/08\/2-LE\u0301OPARD-5000x5000-me\u0301daille_low-scaled.jpg\" \/>\n<meta name=\"twitter:site\" content=\"@barbonchocolate\" \/>\n<meta name=\"twitter:label1\" content=\"Dur\u00e9e de lecture estim\u00e9e\" \/>\n\t<meta name=\"twitter:data1\" content=\"1 minute\" \/>\n<script type=\"application\/ld+json\" class=\"yoast-schema-graph\">{\"@context\":\"https:\\\/\\\/schema.org\",\"@graph\":[{\"@type\":\"WebPage\",\"@id\":\"https:\\\/\\\/barbonchocolate.com\\\/fr\\\/shop\\\/leopard-70-erable-croquant-honduras\\\/\",\"url\":\"https:\\\/\\\/barbonchocolate.com\\\/fr\\\/shop\\\/leopard-70-erable-croquant-honduras\\\/\",\"name\":\"L\u00c9OPARD 70 % \u00c9RABLE CROQUANT (Honduras) - Barbon Chocolate\",\"isPartOf\":{\"@id\":\"https:\\\/\\\/barbonchocolate.com\\\/fr\\\/#website\"},\"primaryImageOfPage\":{\"@id\":\"https:\\\/\\\/barbonchocolate.com\\\/fr\\\/shop\\\/leopard-70-erable-croquant-honduras\\\/#primaryimage\"},\"image\":{\"@id\":\"https:\\\/\\\/barbonchocolate.com\\\/fr\\\/shop\\\/leopard-70-erable-croquant-honduras\\\/#primaryimage\"},\"thumbnailUrl\":\"https:\\\/\\\/barbonchocolate.com\\\/wp-content\\\/uploads\\\/2021\\\/04\\\/2-LE\u0301OPARD-5000x5000_honduras_low-1.png\",\"datePublished\":\"2021-04-29T19:26:39+00:00\",\"dateModified\":\"2021-04-29T19:41:01+00:00\",\"breadcrumb\":{\"@id\":\"https:\\\/\\\/barbonchocolate.com\\\/fr\\\/shop\\\/leopard-70-erable-croquant-honduras\\\/#breadcrumb\"},\"inLanguage\":\"fr-FR\",\"potentialAction\":[{\"@type\":\"ReadAction\",\"target\":[\"https:\\\/\\\/barbonchocolate.com\\\/fr\\\/shop\\\/leopard-70-erable-croquant-honduras\\\/\"]}]},{\"@type\":\"ImageObject\",\"inLanguage\":\"fr-FR\",\"@id\":\"https:\\\/\\\/barbonchocolate.com\\\/fr\\\/shop\\\/leopard-70-erable-croquant-honduras\\\/#primaryimage\",\"url\":\"https:\\\/\\\/barbonchocolate.com\\\/wp-content\\\/uploads\\\/2021\\\/04\\\/2-LE\u0301OPARD-5000x5000_honduras_low-1.png\",\"contentUrl\":\"https:\\\/\\\/barbonchocolate.com\\\/wp-content\\\/uploads\\\/2021\\\/04\\\/2-LE\u0301OPARD-5000x5000_honduras_low-1.png\",\"width\":5000,\"height\":5000},{\"@type\":\"BreadcrumbList\",\"@id\":\"https:\\\/\\\/barbonchocolate.com\\\/fr\\\/shop\\\/leopard-70-erable-croquant-honduras\\\/#breadcrumb\",\"itemListElement\":[{\"@type\":\"ListItem\",\"position\":1,\"name\":\"Home\",\"item\":\"https:\\\/\\\/barbonchocolate.com\\\/fr\\\/\"},{\"@type\":\"ListItem\",\"position\":2,\"name\":\"Boutique\",\"item\":\"https:\\\/\\\/barbonchocolate.com\\\/fr\\\/boutique\\\/\"},{\"@type\":\"ListItem\",\"position\":3,\"name\":\"L\u00c9OPARD 70 % \u00c9RABLE CROQUANT (Honduras)\"}]},{\"@type\":\"WebSite\",\"@id\":\"https:\\\/\\\/barbonchocolate.com\\\/fr\\\/#website\",\"url\":\"https:\\\/\\\/barbonchocolate.com\\\/fr\\\/\",\"name\":\"Barbon Chocolate\",\"description\":\"Chocolat m\u00e9daill\u00e9, confectionn\u00e9 de la f\u00e8ve \u00e0 la tablette\",\"publisher\":{\"@id\":\"https:\\\/\\\/barbonchocolate.com\\\/fr\\\/#organization\"},\"potentialAction\":[{\"@type\":\"SearchAction\",\"target\":{\"@type\":\"EntryPoint\",\"urlTemplate\":\"https:\\\/\\\/barbonchocolate.com\\\/fr\\\/?s={search_term_string}\"},\"query-input\":{\"@type\":\"PropertyValueSpecification\",\"valueRequired\":true,\"valueName\":\"search_term_string\"}}],\"inLanguage\":\"fr-FR\"},{\"@type\":\"Organization\",\"@id\":\"https:\\\/\\\/barbonchocolate.com\\\/fr\\\/#organization\",\"name\":\"Barbon Chocolate\",\"url\":\"https:\\\/\\\/barbonchocolate.com\\\/fr\\\/\",\"logo\":{\"@type\":\"ImageObject\",\"inLanguage\":\"fr-FR\",\"@id\":\"https:\\\/\\\/barbonchocolate.com\\\/fr\\\/#\\\/schema\\\/logo\\\/image\\\/\",\"url\":\"https:\\\/\\\/barbonchocolate.com\\\/wp-content\\\/uploads\\\/2020\\\/01\\\/favicon.ico\",\"contentUrl\":\"https:\\\/\\\/barbonchocolate.com\\\/wp-content\\\/uploads\\\/2020\\\/01\\\/favicon.ico\",\"width\":16,\"height\":16,\"caption\":\"Barbon Chocolate\"},\"image\":{\"@id\":\"https:\\\/\\\/barbonchocolate.com\\\/fr\\\/#\\\/schema\\\/logo\\\/image\\\/\"},\"sameAs\":[\"http:\\\/\\\/facebook.com\\\/barbonchocolate.com\",\"https:\\\/\\\/x.com\\\/barbonchocolate\",\"http:\\\/\\\/instagram.com\\\/barbonchocolate\"]}]}<\/script>\n<!-- \/ Yoast SEO plugin. -->","yoast_head_json":{"title":"L\u00c9OPARD 70 % \u00c9RABLE CROQUANT (Honduras) - Barbon Chocolate","robots":{"index":"index","follow":"follow","max-snippet":"max-snippet:-1","max-image-preview":"max-image-preview:large","max-video-preview":"max-video-preview:-1"},"canonical":"https:\/\/barbonchocolate.com\/fr\/shop\/leopard-70-erable-croquant-honduras\/","og_locale":"fr_FR","og_type":"article","og_title":"L\u00c9OPARD 70 % \u00c9RABLE CROQUANT (Honduras) - Barbon Chocolate","og_description":"CAD  Origine du cacao : Honduras  Ingr\u00e9dients : F\u00e8ves de cacao biologiques, sucre biologique, beurre de cacao biologique, caramel (sirop d'\u00e9rable, cr\u00e8me de coco, fleur de sel), vanille pure. Sans gluten, soya, produits laitiers, additifs, conservateurs, \u00e9mulsifiants ou ar\u00f4mes artificiels. 100% V\u00e9g\u00e9talien.  48 g.","og_url":"https:\/\/barbonchocolate.com\/fr\/shop\/leopard-70-erable-croquant-honduras\/","og_site_name":"Barbon Chocolate","article_publisher":"http:\/\/facebook.com\/barbonchocolate.com","article_modified_time":"2021-04-29T19:41:01+00:00","og_image":[{"width":2560,"height":2560,"url":"https:\/\/barbonchocolate.com\/wp-content\/uploads\/2019\/08\/2-LE\u0301OPARD-5000x5000-me\u0301daille_low-scaled.jpg","type":"image\/jpeg"}],"twitter_card":"summary_large_image","twitter_image":"https:\/\/barbonchocolate.com\/wp-content\/uploads\/2019\/08\/2-LE\u0301OPARD-5000x5000-me\u0301daille_low-scaled.jpg","twitter_site":"@barbonchocolate","twitter_misc":{"Dur\u00e9e de lecture estim\u00e9e":"1 minute"},"schema":{"@context":"https:\/\/schema.org","@graph":[{"@type":"WebPage","@id":"https:\/\/barbonchocolate.com\/fr\/shop\/leopard-70-erable-croquant-honduras\/","url":"https:\/\/barbonchocolate.com\/fr\/shop\/leopard-70-erable-croquant-honduras\/","name":"L\u00c9OPARD 70 % \u00c9RABLE CROQUANT (Honduras) - Barbon Chocolate","isPartOf":{"@id":"https:\/\/barbonchocolate.com\/fr\/#website"},"primaryImageOfPage":{"@id":"https:\/\/barbonchocolate.com\/fr\/shop\/leopard-70-erable-croquant-honduras\/#primaryimage"},"image":{"@id":"https:\/\/barbonchocolate.com\/fr\/shop\/leopard-70-erable-croquant-honduras\/#primaryimage"},"thumbnailUrl":"https:\/\/barbonchocolate.com\/wp-content\/uploads\/2021\/04\/2-LE\u0301OPARD-5000x5000_honduras_low-1.png","datePublished":"2021-04-29T19:26:39+00:00","dateModified":"2021-04-29T19:41:01+00:00","breadcrumb":{"@id":"https:\/\/barbonchocolate.com\/fr\/shop\/leopard-70-erable-croquant-honduras\/#breadcrumb"},"inLanguage":"fr-FR","potentialAction":[{"@type":"ReadAction","target":["https:\/\/barbonchocolate.com\/fr\/shop\/leopard-70-erable-croquant-honduras\/"]}]},{"@type":"ImageObject","inLanguage":"fr-FR","@id":"https:\/\/barbonchocolate.com\/fr\/shop\/leopard-70-erable-croquant-honduras\/#primaryimage","url":"https:\/\/barbonchocolate.com\/wp-content\/uploads\/2021\/04\/2-LE\u0301OPARD-5000x5000_honduras_low-1.png","contentUrl":"https:\/\/barbonchocolate.com\/wp-content\/uploads\/2021\/04\/2-LE\u0301OPARD-5000x5000_honduras_low-1.png","width":5000,"height":5000},{"@type":"BreadcrumbList","@id":"https:\/\/barbonchocolate.com\/fr\/shop\/leopard-70-erable-croquant-honduras\/#breadcrumb","itemListElement":[{"@type":"ListItem","position":1,"name":"Home","item":"https:\/\/barbonchocolate.com\/fr\/"},{"@type":"ListItem","position":2,"name":"Boutique","item":"https:\/\/barbonchocolate.com\/fr\/boutique\/"},{"@type":"ListItem","position":3,"name":"L\u00c9OPARD 70 % \u00c9RABLE CROQUANT (Honduras)"}]},{"@type":"WebSite","@id":"https:\/\/barbonchocolate.com\/fr\/#website","url":"https:\/\/barbonchocolate.com\/fr\/","name":"Barbon Chocolate","description":"Chocolat m\u00e9daill\u00e9, confectionn\u00e9 de la f\u00e8ve \u00e0 la tablette","publisher":{"@id":"https:\/\/barbonchocolate.com\/fr\/#organization"},"potentialAction":[{"@type":"SearchAction","target":{"@type":"EntryPoint","urlTemplate":"https:\/\/barbonchocolate.com\/fr\/?s={search_term_string}"},"query-input":{"@type":"PropertyValueSpecification","valueRequired":true,"valueName":"search_term_string"}}],"inLanguage":"fr-FR"},{"@type":"Organization","@id":"https:\/\/barbonchocolate.com\/fr\/#organization","name":"Barbon Chocolate","url":"https:\/\/barbonchocolate.com\/fr\/","logo":{"@type":"ImageObject","inLanguage":"fr-FR","@id":"https:\/\/barbonchocolate.com\/fr\/#\/schema\/logo\/image\/","url":"https:\/\/barbonchocolate.com\/wp-content\/uploads\/2020\/01\/favicon.ico","contentUrl":"https:\/\/barbonchocolate.com\/wp-content\/uploads\/2020\/01\/favicon.ico","width":16,"height":16,"caption":"Barbon Chocolate"},"image":{"@id":"https:\/\/barbonchocolate.com\/fr\/#\/schema\/logo\/image\/"},"sameAs":["http:\/\/facebook.com\/barbonchocolate.com","https:\/\/x.com\/barbonchocolate","http:\/\/instagram.com\/barbonchocolate"]}]}},"_links":{"self":[{"href":"https:\/\/barbonchocolate.com\/fr\/wp-json\/wp\/v2\/product\/2917","targetHints":{"allow":["GET"]}}],"collection":[{"href":"https:\/\/barbonchocolate.com\/fr\/wp-json\/wp\/v2\/product"}],"about":[{"href":"https:\/\/barbonchocolate.com\/fr\/wp-json\/wp\/v2\/types\/product"}],"wp:featuredmedia":[{"embeddable":true,"href":"https:\/\/barbonchocolate.com\/fr\/wp-json\/wp\/v2\/media\/2921"}],"wp:attachment":[{"href":"https:\/\/barbonchocolate.com\/fr\/wp-json\/wp\/v2\/media?parent=2917"}],"wp:term":[{"taxonomy":"product_brand","embeddable":true,"href":"https:\/\/barbonchocolate.com\/fr\/wp-json\/wp\/v2\/product_brand?post=2917"},{"taxonomy":"product_cat","embeddable":true,"href":"https:\/\/barbonchocolate.com\/fr\/wp-json\/wp\/v2\/product_cat?post=2917"},{"taxonomy":"product_tag","embeddable":true,"href":"https:\/\/barbonchocolate.com\/fr\/wp-json\/wp\/v2\/product_tag?post=2917"}],"curies":[{"name":"wp","href":"https:\/\/api.w.org\/{rel}","templated":true}]}}