{"id":2304,"date":"2019-08-04T19:33:07","date_gmt":"2019-11-27T23:13:30","guid":{"rendered":"https:\/\/barbonchocolate.com\/product\/panthere-85-noir\/"},"modified":"2021-04-05T11:58:13","modified_gmt":"2021-04-05T15:58:13","slug":"panthere","status":"publish","type":"product","link":"https:\/\/barbonchocolate.com\/fr\/shop\/panthere\/","title":{"rendered":"PANTH\u00c8RE 85 % NOIR"},"content":{"rendered":"<p>Ce chocolat 85 %, noir comme une panth\u00e8re, n\u2019a rien \u00e0 voir avec les chocolats noirs que vous connaissez. Difficile de croire que vous mangez un chocolat aussi noir avec un go\u00fbt aussi doux, onctueux et d\u00e9licat.<br \/>\nAucune amertume et vraiment tr\u00e8s peu d\u2019acidit\u00e9 pr\u00e9sente, ses ar\u00f4mes terreux d\u00e9voilent des notes de bois, de th\u00e9 noir et de caf\u00e9 brut avec une touche de malt.<br \/>\nEssayez-le avec du vin rouge ou du porto \u00e0 la fin de votre repas, ou simplement avec un espresso.<\/p>\n","protected":false},"excerpt":{"rendered":"<p><strong>CAD<\/strong><\/p>\n<p>Origine du cacao : Honduras<\/p>\n<p>Ingr\u00e9dients :<br \/>\nF\u00e8ves de cacao biologiques, sucre biologique, beurre de cacao biologique, vanille pure.<br \/>\nSans gluten, soya, produits laitiers, additifs, conservateurs, \u00e9mulsifiants ou ar\u00f4mes artificiels.<br \/>\n100% V\u00e9g\u00e9talien.<\/p>\n<p>48 g.<\/p>\n<p>&nbsp;<\/p>\n","protected":false},"featured_media":2349,"template":"","meta":[],"product_brand":[],"product_cat":[95],"product_tag":[90,88,83,92,84,85,86,91,93,87,89],"class_list":{"0":"post-2304","1":"product","2":"type-product","3":"status-publish","4":"has-post-thumbnail","6":"product_cat-produitunique","7":"product_tag-basensucre","8":"product_tag-biologique","9":"product_tag-chocolat","10":"product_tag-chocolatdelafevealatablette","11":"product_tag-chocolatnoir","12":"product_tag-delafevealatablette","13":"product_tag-fevesdecacao","14":"product_tag-honduras-fr","15":"product_tag-keto-fr","16":"product_tag-originepure","17":"product_tag-vegetalien","19":"first","20":"instock","21":"taxable","22":"shipping-taxable","23":"purchasable","24":"product-type-simple"},"yoast_head":"<!-- This site is optimized with the Yoast SEO plugin v27.3 - https:\/\/yoast.com\/product\/yoast-seo-wordpress\/ -->\n<title>PANTH\u00c8RE 85 % NOIR - Barbon Chocolate<\/title>\n<meta name=\"robots\" content=\"index, follow, max-snippet:-1, max-image-preview:large, max-video-preview:-1\" \/>\n<link rel=\"canonical\" href=\"https:\/\/barbonchocolate.com\/fr\/shop\/panthere\/\" \/>\n<meta property=\"og:locale\" content=\"fr_FR\" \/>\n<meta property=\"og:type\" content=\"article\" \/>\n<meta property=\"og:title\" content=\"PANTH\u00c8RE 85 % NOIR - Barbon Chocolate\" \/>\n<meta property=\"og:description\" content=\"CAD  Origine du cacao : Honduras  Ingr\u00e9dients : F\u00e8ves de cacao biologiques, sucre biologique, beurre de cacao biologique, vanille pure. Sans gluten, soya, produits laitiers, additifs, conservateurs, \u00e9mulsifiants ou ar\u00f4mes artificiels. 100% V\u00e9g\u00e9talien.  48 g.  &nbsp;\" \/>\n<meta property=\"og:url\" content=\"https:\/\/barbonchocolate.com\/fr\/shop\/panthere\/\" \/>\n<meta property=\"og:site_name\" content=\"Barbon Chocolate\" \/>\n<meta property=\"article:publisher\" content=\"http:\/\/facebook.com\/barbonchocolate.com\" \/>\n<meta property=\"article:modified_time\" content=\"2021-04-05T15:58:13+00:00\" \/>\n<meta property=\"og:image\" content=\"https:\/\/barbonchocolate.com\/wp-content\/uploads\/2019\/08\/1-PANTHE\u0300RE-5000x5000_low-scaled.jpg\" \/>\n\t<meta property=\"og:image:width\" content=\"2560\" \/>\n\t<meta property=\"og:image:height\" content=\"2560\" \/>\n\t<meta property=\"og:image:type\" content=\"image\/jpeg\" \/>\n<meta name=\"twitter:card\" content=\"summary_large_image\" \/>\n<meta name=\"twitter:image\" content=\"https:\/\/barbonchocolate.com\/wp-content\/uploads\/2019\/08\/1-PANTHE\u0300RE-5000x5000_low-scaled.jpg\" \/>\n<meta name=\"twitter:site\" content=\"@barbonchocolate\" \/>\n<script type=\"application\/ld+json\" class=\"yoast-schema-graph\">{\"@context\":\"https:\\\/\\\/schema.org\",\"@graph\":[{\"@type\":\"WebPage\",\"@id\":\"https:\\\/\\\/barbonchocolate.com\\\/fr\\\/shop\\\/panthere\\\/\",\"url\":\"https:\\\/\\\/barbonchocolate.com\\\/fr\\\/shop\\\/panthere\\\/\",\"name\":\"PANTH\u00c8RE 85 % NOIR - Barbon Chocolate\",\"isPartOf\":{\"@id\":\"https:\\\/\\\/barbonchocolate.com\\\/fr\\\/#website\"},\"primaryImageOfPage\":{\"@id\":\"https:\\\/\\\/barbonchocolate.com\\\/fr\\\/shop\\\/panthere\\\/#primaryimage\"},\"image\":{\"@id\":\"https:\\\/\\\/barbonchocolate.com\\\/fr\\\/shop\\\/panthere\\\/#primaryimage\"},\"thumbnailUrl\":\"https:\\\/\\\/barbonchocolate.com\\\/wp-content\\\/uploads\\\/2019\\\/08\\\/1-PANTHE\u0300RE-5000x5000_low-scaled.jpg\",\"datePublished\":\"2019-11-27T23:13:30+00:00\",\"dateModified\":\"2021-04-05T15:58:13+00:00\",\"breadcrumb\":{\"@id\":\"https:\\\/\\\/barbonchocolate.com\\\/fr\\\/shop\\\/panthere\\\/#breadcrumb\"},\"inLanguage\":\"fr-FR\",\"potentialAction\":[{\"@type\":\"ReadAction\",\"target\":[\"https:\\\/\\\/barbonchocolate.com\\\/fr\\\/shop\\\/panthere\\\/\"]}]},{\"@type\":\"ImageObject\",\"inLanguage\":\"fr-FR\",\"@id\":\"https:\\\/\\\/barbonchocolate.com\\\/fr\\\/shop\\\/panthere\\\/#primaryimage\",\"url\":\"https:\\\/\\\/barbonchocolate.com\\\/wp-content\\\/uploads\\\/2019\\\/08\\\/1-PANTHE\u0300RE-5000x5000_low-scaled.jpg\",\"contentUrl\":\"https:\\\/\\\/barbonchocolate.com\\\/wp-content\\\/uploads\\\/2019\\\/08\\\/1-PANTHE\u0300RE-5000x5000_low-scaled.jpg\",\"width\":2560,\"height\":2560,\"caption\":\"Barbon Chocolate Bean-to-bar Organic Single-origin Fair Trade Cacao beans\"},{\"@type\":\"BreadcrumbList\",\"@id\":\"https:\\\/\\\/barbonchocolate.com\\\/fr\\\/shop\\\/panthere\\\/#breadcrumb\",\"itemListElement\":[{\"@type\":\"ListItem\",\"position\":1,\"name\":\"Home\",\"item\":\"https:\\\/\\\/barbonchocolate.com\\\/fr\\\/\"},{\"@type\":\"ListItem\",\"position\":2,\"name\":\"Boutique\",\"item\":\"https:\\\/\\\/barbonchocolate.com\\\/fr\\\/boutique\\\/\"},{\"@type\":\"ListItem\",\"position\":3,\"name\":\"PANTH\u00c8RE 85 % NOIR\"}]},{\"@type\":\"WebSite\",\"@id\":\"https:\\\/\\\/barbonchocolate.com\\\/fr\\\/#website\",\"url\":\"https:\\\/\\\/barbonchocolate.com\\\/fr\\\/\",\"name\":\"Barbon Chocolate\",\"description\":\"Chocolat m\u00e9daill\u00e9, confectionn\u00e9 de la f\u00e8ve \u00e0 la tablette\",\"publisher\":{\"@id\":\"https:\\\/\\\/barbonchocolate.com\\\/fr\\\/#organization\"},\"potentialAction\":[{\"@type\":\"SearchAction\",\"target\":{\"@type\":\"EntryPoint\",\"urlTemplate\":\"https:\\\/\\\/barbonchocolate.com\\\/fr\\\/?s={search_term_string}\"},\"query-input\":{\"@type\":\"PropertyValueSpecification\",\"valueRequired\":true,\"valueName\":\"search_term_string\"}}],\"inLanguage\":\"fr-FR\"},{\"@type\":\"Organization\",\"@id\":\"https:\\\/\\\/barbonchocolate.com\\\/fr\\\/#organization\",\"name\":\"Barbon Chocolate\",\"url\":\"https:\\\/\\\/barbonchocolate.com\\\/fr\\\/\",\"logo\":{\"@type\":\"ImageObject\",\"inLanguage\":\"fr-FR\",\"@id\":\"https:\\\/\\\/barbonchocolate.com\\\/fr\\\/#\\\/schema\\\/logo\\\/image\\\/\",\"url\":\"https:\\\/\\\/barbonchocolate.com\\\/wp-content\\\/uploads\\\/2020\\\/01\\\/favicon.ico\",\"contentUrl\":\"https:\\\/\\\/barbonchocolate.com\\\/wp-content\\\/uploads\\\/2020\\\/01\\\/favicon.ico\",\"width\":16,\"height\":16,\"caption\":\"Barbon Chocolate\"},\"image\":{\"@id\":\"https:\\\/\\\/barbonchocolate.com\\\/fr\\\/#\\\/schema\\\/logo\\\/image\\\/\"},\"sameAs\":[\"http:\\\/\\\/facebook.com\\\/barbonchocolate.com\",\"https:\\\/\\\/x.com\\\/barbonchocolate\",\"http:\\\/\\\/instagram.com\\\/barbonchocolate\"]}]}<\/script>\n<!-- \/ Yoast SEO plugin. -->","yoast_head_json":{"title":"PANTH\u00c8RE 85 % NOIR - Barbon Chocolate","robots":{"index":"index","follow":"follow","max-snippet":"max-snippet:-1","max-image-preview":"max-image-preview:large","max-video-preview":"max-video-preview:-1"},"canonical":"https:\/\/barbonchocolate.com\/fr\/shop\/panthere\/","og_locale":"fr_FR","og_type":"article","og_title":"PANTH\u00c8RE 85 % NOIR - Barbon Chocolate","og_description":"CAD  Origine du cacao : Honduras  Ingr\u00e9dients : F\u00e8ves de cacao biologiques, sucre biologique, beurre de cacao biologique, vanille pure. Sans gluten, soya, produits laitiers, additifs, conservateurs, \u00e9mulsifiants ou ar\u00f4mes artificiels. 100% V\u00e9g\u00e9talien.  48 g.  &nbsp;","og_url":"https:\/\/barbonchocolate.com\/fr\/shop\/panthere\/","og_site_name":"Barbon Chocolate","article_publisher":"http:\/\/facebook.com\/barbonchocolate.com","article_modified_time":"2021-04-05T15:58:13+00:00","og_image":[{"width":2560,"height":2560,"url":"https:\/\/barbonchocolate.com\/wp-content\/uploads\/2019\/08\/1-PANTHE\u0300RE-5000x5000_low-scaled.jpg","type":"image\/jpeg"}],"twitter_card":"summary_large_image","twitter_image":"https:\/\/barbonchocolate.com\/wp-content\/uploads\/2019\/08\/1-PANTHE\u0300RE-5000x5000_low-scaled.jpg","twitter_site":"@barbonchocolate","schema":{"@context":"https:\/\/schema.org","@graph":[{"@type":"WebPage","@id":"https:\/\/barbonchocolate.com\/fr\/shop\/panthere\/","url":"https:\/\/barbonchocolate.com\/fr\/shop\/panthere\/","name":"PANTH\u00c8RE 85 % NOIR - Barbon Chocolate","isPartOf":{"@id":"https:\/\/barbonchocolate.com\/fr\/#website"},"primaryImageOfPage":{"@id":"https:\/\/barbonchocolate.com\/fr\/shop\/panthere\/#primaryimage"},"image":{"@id":"https:\/\/barbonchocolate.com\/fr\/shop\/panthere\/#primaryimage"},"thumbnailUrl":"https:\/\/barbonchocolate.com\/wp-content\/uploads\/2019\/08\/1-PANTHE\u0300RE-5000x5000_low-scaled.jpg","datePublished":"2019-11-27T23:13:30+00:00","dateModified":"2021-04-05T15:58:13+00:00","breadcrumb":{"@id":"https:\/\/barbonchocolate.com\/fr\/shop\/panthere\/#breadcrumb"},"inLanguage":"fr-FR","potentialAction":[{"@type":"ReadAction","target":["https:\/\/barbonchocolate.com\/fr\/shop\/panthere\/"]}]},{"@type":"ImageObject","inLanguage":"fr-FR","@id":"https:\/\/barbonchocolate.com\/fr\/shop\/panthere\/#primaryimage","url":"https:\/\/barbonchocolate.com\/wp-content\/uploads\/2019\/08\/1-PANTHE\u0300RE-5000x5000_low-scaled.jpg","contentUrl":"https:\/\/barbonchocolate.com\/wp-content\/uploads\/2019\/08\/1-PANTHE\u0300RE-5000x5000_low-scaled.jpg","width":2560,"height":2560,"caption":"Barbon Chocolate Bean-to-bar Organic Single-origin Fair Trade Cacao beans"},{"@type":"BreadcrumbList","@id":"https:\/\/barbonchocolate.com\/fr\/shop\/panthere\/#breadcrumb","itemListElement":[{"@type":"ListItem","position":1,"name":"Home","item":"https:\/\/barbonchocolate.com\/fr\/"},{"@type":"ListItem","position":2,"name":"Boutique","item":"https:\/\/barbonchocolate.com\/fr\/boutique\/"},{"@type":"ListItem","position":3,"name":"PANTH\u00c8RE 85 % NOIR"}]},{"@type":"WebSite","@id":"https:\/\/barbonchocolate.com\/fr\/#website","url":"https:\/\/barbonchocolate.com\/fr\/","name":"Barbon Chocolate","description":"Chocolat m\u00e9daill\u00e9, confectionn\u00e9 de la f\u00e8ve \u00e0 la tablette","publisher":{"@id":"https:\/\/barbonchocolate.com\/fr\/#organization"},"potentialAction":[{"@type":"SearchAction","target":{"@type":"EntryPoint","urlTemplate":"https:\/\/barbonchocolate.com\/fr\/?s={search_term_string}"},"query-input":{"@type":"PropertyValueSpecification","valueRequired":true,"valueName":"search_term_string"}}],"inLanguage":"fr-FR"},{"@type":"Organization","@id":"https:\/\/barbonchocolate.com\/fr\/#organization","name":"Barbon Chocolate","url":"https:\/\/barbonchocolate.com\/fr\/","logo":{"@type":"ImageObject","inLanguage":"fr-FR","@id":"https:\/\/barbonchocolate.com\/fr\/#\/schema\/logo\/image\/","url":"https:\/\/barbonchocolate.com\/wp-content\/uploads\/2020\/01\/favicon.ico","contentUrl":"https:\/\/barbonchocolate.com\/wp-content\/uploads\/2020\/01\/favicon.ico","width":16,"height":16,"caption":"Barbon Chocolate"},"image":{"@id":"https:\/\/barbonchocolate.com\/fr\/#\/schema\/logo\/image\/"},"sameAs":["http:\/\/facebook.com\/barbonchocolate.com","https:\/\/x.com\/barbonchocolate","http:\/\/instagram.com\/barbonchocolate"]}]}},"_links":{"self":[{"href":"https:\/\/barbonchocolate.com\/fr\/wp-json\/wp\/v2\/product\/2304","targetHints":{"allow":["GET"]}}],"collection":[{"href":"https:\/\/barbonchocolate.com\/fr\/wp-json\/wp\/v2\/product"}],"about":[{"href":"https:\/\/barbonchocolate.com\/fr\/wp-json\/wp\/v2\/types\/product"}],"wp:featuredmedia":[{"embeddable":true,"href":"https:\/\/barbonchocolate.com\/fr\/wp-json\/wp\/v2\/media\/2349"}],"wp:attachment":[{"href":"https:\/\/barbonchocolate.com\/fr\/wp-json\/wp\/v2\/media?parent=2304"}],"wp:term":[{"taxonomy":"product_brand","embeddable":true,"href":"https:\/\/barbonchocolate.com\/fr\/wp-json\/wp\/v2\/product_brand?post=2304"},{"taxonomy":"product_cat","embeddable":true,"href":"https:\/\/barbonchocolate.com\/fr\/wp-json\/wp\/v2\/product_cat?post=2304"},{"taxonomy":"product_tag","embeddable":true,"href":"https:\/\/barbonchocolate.com\/fr\/wp-json\/wp\/v2\/product_tag?post=2304"}],"curies":[{"name":"wp","href":"https:\/\/api.w.org\/{rel}","templated":true}]}}