{"id":2764,"date":"2020-11-03T15:08:13","date_gmt":"2020-11-03T19:08:13","guid":{"rendered":"https:\/\/barbonchocolate.com\/qui\/"},"modified":"2020-12-11T17:03:56","modified_gmt":"2020-12-11T21:03:56","slug":"aproposdebarbon","status":"publish","type":"page","link":"https:\/\/barbonchocolate.com\/fr\/aproposdebarbon\/","title":{"rendered":"\u00c0 Propos de Barbon"},"content":{"rendered":"\n\n  <div class=\"banner has-hover\" id=\"banner-596372199\">\n          <div class=\"banner-inner fill\">\n        <div class=\"banner-bg fill\" >\n                                    <div class=\"overlay\"><\/div>            \n                    <\/div>\n\t\t\n        <div class=\"banner-layers container\">\n            <div class=\"fill banner-link\"><\/div>            \n\n   <div id=\"text-box-1905580163\" class=\"text-box banner-layer text-box-circle x50 md-x50 lg-x50 y50 md-y50 lg-y50 res-text\">\n                                <div class=\"text-box-content text dark\">\n              \n              <div class=\"text-inner text-center\">\n                  \n\n<h3 class=\"uppercase\"><strong>\u00c0 propos de Barbon<\/strong><\/h3>\n\n              <\/div>\n           <\/div>\n                            \n<style>\n#text-box-1905580163 {\n  width: 40%;\n}\n#text-box-1905580163 .text-box-content {\n  font-size: 100%;\n}\n@media (min-width:550px) {\n  #text-box-1905580163 {\n    width: 33%;\n  }\n}\n@media (min-width:850px) {\n  #text-box-1905580163 {\n    width: 28%;\n  }\n}\n<\/style>\n    <\/div>\n \n\n        <\/div>\n      <\/div>\n\n            \n<style>\n#banner-596372199 {\n  padding-top: 350px;\n  background-color: rgb(7, 98, 124);\n}\n#banner-596372199 .overlay {\n  background-color: rgba(0, 0, 0, 0.36);\n}\n<\/style>\n  <\/div>\n\n\n<div class=\"row align-middle\"  id=\"row-2001562545\">\n\n\n\t<div id=\"col-1355973789\" class=\"col medium-6 small-12 large-6\"  >\n\t\t\t\t<div class=\"col-inner\"  >\n\t\t\t\n\t\t\t\n\n\n\t\t<div class=\"icon-box featured-box icon-box-center text-center is-xsmall\"  >\n\t\t\t\t\t<div class=\"icon-box-img\" style=\"width: 92px\">\n\t\t\t\t<div class=\"icon\">\n\t\t\t\t\t<div class=\"icon-inner\" >\n\t\t\t\t\t\t<img loading=\"lazy\" decoding=\"async\" width=\"300\" height=\"259\" src=\"https:\/\/barbonchocolate.com\/wp-content\/uploads\/2019\/11\/Screen-Shot-2019-11-05-at-5.45.21-PM-300x259.png\" class=\"attachment-medium size-medium\" alt=\"Barbon Chocolate\" srcset=\"https:\/\/barbonchocolate.com\/wp-content\/uploads\/2019\/11\/Screen-Shot-2019-11-05-at-5.45.21-PM-300x259.png 300w, https:\/\/barbonchocolate.com\/wp-content\/uploads\/2019\/11\/Screen-Shot-2019-11-05-at-5.45.21-PM-510x440.png 510w, https:\/\/barbonchocolate.com\/wp-content\/uploads\/2019\/11\/Screen-Shot-2019-11-05-at-5.45.21-PM-768x663.png 768w, https:\/\/barbonchocolate.com\/wp-content\/uploads\/2019\/11\/Screen-Shot-2019-11-05-at-5.45.21-PM.png 829w\" sizes=\"auto, (max-width: 300px) 100vw, 300px\" \/>\t\t\t\t\t<\/div>\n\t\t\t\t<\/div>\n\t\t\t<\/div>\n\t\t\t\t<div class=\"icon-box-text last-reset\">\n\t\t\t\t\t\t\t\t\t\n\n<h1>DE LA F\u00c8VE \u00c0 LA TABLETTE<\/h1>\n<h2>TOUS LES CHOCOLATS SONT FABRIQU\u00c9S \u00c0 PARTIR DE F\u00c8VES DE CACAO \u00c9QUITABLES ET BIOLOGIQUES D&rsquo;ORIGINE PURE<\/h2>\n\n\t\t<\/div>\n\t<\/div>\n\t\n\t\n\t<div id=\"gap-189466494\" class=\"gap-element clearfix\" style=\"display:block; height:auto;\">\n\t\t\n<style>\n#gap-189466494 {\n  padding-top: 0px;\n}\n<\/style>\n\t<\/div>\n\t\n\n\n\t\t<div class=\"icon-box featured-box icon-box-center text-center is-xsmall\"  >\n\t\t\t\t\t<div class=\"icon-box-img\" style=\"width: 82px\">\n\t\t\t\t<div class=\"icon\">\n\t\t\t\t\t<div class=\"icon-inner\" >\n\t\t\t\t\t\t<img loading=\"lazy\" decoding=\"async\" width=\"300\" height=\"300\" src=\"https:\/\/barbonchocolate.com\/wp-content\/uploads\/2019\/11\/just-for-kids-friends-of-animals-black-and-white-png-for-kids-1200_1200-copy-300x300.jpg\" class=\"attachment-medium size-medium\" alt=\"Barbon Chocolate\" srcset=\"https:\/\/barbonchocolate.com\/wp-content\/uploads\/2019\/11\/just-for-kids-friends-of-animals-black-and-white-png-for-kids-1200_1200-copy-300x300.jpg 300w, https:\/\/barbonchocolate.com\/wp-content\/uploads\/2019\/11\/just-for-kids-friends-of-animals-black-and-white-png-for-kids-1200_1200-copy-100x100.jpg 100w, https:\/\/barbonchocolate.com\/wp-content\/uploads\/2019\/11\/just-for-kids-friends-of-animals-black-and-white-png-for-kids-1200_1200-copy-510x510.jpg 510w, https:\/\/barbonchocolate.com\/wp-content\/uploads\/2019\/11\/just-for-kids-friends-of-animals-black-and-white-png-for-kids-1200_1200-copy-150x150.jpg 150w, https:\/\/barbonchocolate.com\/wp-content\/uploads\/2019\/11\/just-for-kids-friends-of-animals-black-and-white-png-for-kids-1200_1200-copy-768x768.jpg 768w, https:\/\/barbonchocolate.com\/wp-content\/uploads\/2019\/11\/just-for-kids-friends-of-animals-black-and-white-png-for-kids-1200_1200-copy-1024x1024.jpg 1024w, https:\/\/barbonchocolate.com\/wp-content\/uploads\/2019\/11\/just-for-kids-friends-of-animals-black-and-white-png-for-kids-1200_1200-copy.jpg 1200w\" sizes=\"auto, (max-width: 300px) 100vw, 300px\" \/>\t\t\t\t\t<\/div>\n\t\t\t\t<\/div>\n\t\t\t<\/div>\n\t\t\t\t<div class=\"icon-box-text last-reset\">\n\t\t\t\t\t\t\t\t\t\n\n<h1>COMMERCE \u00c9QUITABLE<\/h1>\n<h2>TOUTES LES F\u00c8VES DE CACAO SONT ISSUES DE PLANTATIONS \u00c9THIQUES QUI N&rsquo;ONT PAS RECOURS AU TRAVAIL DES ENFANTS ET O\u00d9 CHACUN EST R\u00c9MUN\u00c9R\u00c9 POUR SON TRAVAIL<\/h2>\n\n\t\t<\/div>\n\t<\/div>\n\t\n\t\n\t<div id=\"gap-108211713\" class=\"gap-element clearfix\" style=\"display:block; height:auto;\">\n\t\t\n<style>\n#gap-108211713 {\n  padding-top: 17px;\n}\n<\/style>\n\t<\/div>\n\t\n\n\n\t\t<div class=\"icon-box featured-box icon-box-center text-center is-xsmall\"  >\n\t\t\t\t\t<div class=\"icon-box-img\" style=\"width: 73px\">\n\t\t\t\t<div class=\"icon\">\n\t\t\t\t\t<div class=\"icon-inner\" >\n\t\t\t\t\t\t<img loading=\"lazy\" decoding=\"async\" width=\"272\" height=\"300\" src=\"https:\/\/barbonchocolate.com\/wp-content\/uploads\/2019\/11\/Screen-Shot-2019-11-05-at-5.41.17-PM-272x300.png\" class=\"attachment-medium size-medium\" alt=\"Barbon Chocolate\" srcset=\"https:\/\/barbonchocolate.com\/wp-content\/uploads\/2019\/11\/Screen-Shot-2019-11-05-at-5.41.17-PM-272x300.png 272w, https:\/\/barbonchocolate.com\/wp-content\/uploads\/2019\/11\/Screen-Shot-2019-11-05-at-5.41.17-PM-510x562.png 510w, https:\/\/barbonchocolate.com\/wp-content\/uploads\/2019\/11\/Screen-Shot-2019-11-05-at-5.41.17-PM.png 702w\" sizes=\"auto, (max-width: 272px) 100vw, 272px\" \/>\t\t\t\t\t<\/div>\n\t\t\t\t<\/div>\n\t\t\t<\/div>\n\t\t\t\t<div class=\"icon-box-text last-reset\">\n\t\t\t\t\t\t\t\t\t\n\n<h1>100% V\u00c9G\u00c9TALIEN<\/h1>\n<h2>FAIT \u00c0 PARTIR DE MATI\u00c8RES PREMI\u00c8RES BIOLOGIQUES SANS PRODUITS LAITIERS, GLUTEN, SOYA, FRUITS \u00c0 COQUE, ADDITIFS, AGENTS DE CONSERVATION, \u00c9MULSIFIANTS ET AR\u00d4MES ARTIFICIELS<\/h2>\n\n\t\t<\/div>\n\t<\/div>\n\t\n\t\n\t<div id=\"gap-1897474745\" class=\"gap-element clearfix\" style=\"display:block; height:auto;\">\n\t\t\n<style>\n#gap-1897474745 {\n  padding-top: 13px;\n}\n<\/style>\n\t<\/div>\n\t\n\n\n\t\t<div class=\"icon-box featured-box icon-box-center text-center is-xsmall\"  >\n\t\t\t\t\t<div class=\"icon-box-img\" style=\"width: 73px\">\n\t\t\t\t<div class=\"icon\">\n\t\t\t\t\t<div class=\"icon-inner\" >\n\t\t\t\t\t\t<img loading=\"lazy\" decoding=\"async\" width=\"300\" height=\"280\" src=\"https:\/\/barbonchocolate.com\/wp-content\/uploads\/2019\/11\/Screen-Shot-2019-11-05-at-5.32.35-PM-300x280.png\" class=\"attachment-medium size-medium\" alt=\"Barbon Chocolate\" srcset=\"https:\/\/barbonchocolate.com\/wp-content\/uploads\/2019\/11\/Screen-Shot-2019-11-05-at-5.32.35-PM-300x280.png 300w, https:\/\/barbonchocolate.com\/wp-content\/uploads\/2019\/11\/Screen-Shot-2019-11-05-at-5.32.35-PM.png 500w\" sizes=\"auto, (max-width: 300px) 100vw, 300px\" \/>\t\t\t\t\t<\/div>\n\t\t\t\t<\/div>\n\t\t\t<\/div>\n\t\t\t\t<div class=\"icon-box-text last-reset\">\n\t\t\t\t\t\t\t\t\t\n\n<h1>100% RECYCLABLE<\/h1>\n<h2>PARCE QUE BARBON SE SOUCIE DE L&rsquo;ENVIRONNEMENT, CHAQUE \u00c9L\u00c9MENT DE L&rsquo;EMBALLAGE EST RECYCLABLE<\/h2>\n\n\t\t<\/div>\n\t<\/div>\n\t\n\t\n\n\t\t<\/div>\n\t\t\t\t\t<\/div>\n\n\t\n\n\t<div id=\"col-1460862472\" class=\"col medium-6 small-12 large-6\"  >\n\t\t\t\t<div class=\"col-inner\"  >\n\t\t\t\n\t\t\t\n\n\t<div id=\"gap-515259340\" class=\"gap-element clearfix\" style=\"display:block; height:auto;\">\n\t\t\n<style>\n#gap-515259340 {\n  padding-top: 20px;\n}\n<\/style>\n\t<\/div>\n\t\n\n\t<div class=\"img has-hover x md-x lg-x y md-y lg-y\" id=\"image_1464652877\">\n\t\t\t\t\t\t\t\t<div class=\"img-inner dark\" >\n\t\t\t<img loading=\"lazy\" decoding=\"async\" width=\"819\" height=\"1024\" src=\"https:\/\/barbonchocolate.com\/wp-content\/uploads\/2019\/11\/Barbon_low-819x1024.jpg\" class=\"attachment-large size-large\" alt=\"Barbon Chocolate Bean-to-bar Organic Single-origin Fair Trade Cacao beans\" srcset=\"https:\/\/barbonchocolate.com\/wp-content\/uploads\/2019\/11\/Barbon_low-819x1024.jpg 819w, https:\/\/barbonchocolate.com\/wp-content\/uploads\/2019\/11\/Barbon_low-scaled-510x638.jpg 510w, https:\/\/barbonchocolate.com\/wp-content\/uploads\/2019\/11\/Barbon_low-240x300.jpg 240w, https:\/\/barbonchocolate.com\/wp-content\/uploads\/2019\/11\/Barbon_low-768x960.jpg 768w, https:\/\/barbonchocolate.com\/wp-content\/uploads\/2019\/11\/Barbon_low-scaled.jpg 2048w\" sizes=\"auto, (max-width: 819px) 100vw, 819px\" \/>\t\t\t\t\t\t\n\t\t\t\t\t<\/div>\n\t\t\t\t\t\t\t\t\n<style>\n#image_1464652877 {\n  width: 100%;\n}\n<\/style>\n\t<\/div>\n\t\n\n\n\t\t<\/div>\n\t\t\t\t\t<\/div>\n\n\t\n\n<\/div>\n\t<div id=\"gap-1856797998\" class=\"gap-element clearfix\" style=\"display:block; height:auto;\">\n\t\t\n<style>\n#gap-1856797998 {\n  padding-top: 30px;\n}\n<\/style>\n\t<\/div>\n\t\n\n<div class=\"text-center\"><div class=\"is-divider divider clearfix\" style=\"margin-top:1.4em;margin-bottom:1.4em;max-width:1050px;height:2px;background-color:rgb(7, 98, 124);\"><\/div><\/div>\n\n\n  <div class=\"banner has-hover\" id=\"banner-1240194531\">\n          <div class=\"banner-inner fill\">\n        <div class=\"banner-bg fill\" >\n                                                \n                    <\/div>\n\t\t\n        <div class=\"banner-layers container\">\n            <div class=\"fill banner-link\"><\/div>            \n\n   <div id=\"text-box-278596087\" class=\"text-box banner-layer x50 md-x50 lg-x50 y50 md-y50 lg-y50 res-text\">\n                                <div class=\"text-box-content text \">\n              \n              <div class=\"text-inner text-center\">\n                  \n\n<p class=\"lead\">Barbon, nom compos\u00e9 par les trois premi\u00e8res lettres du pr\u00e9nom et du nom de la fondatrice, Barbara Bonfiglio, a vu le jour en 2019.<\/p>\n<p class=\"lead\">Barbara a commenc\u00e9 \u00e0 faire du chocolat au cours de l\u2019hiver 2018 \u00e0 partir de poudre de cacao, d\u2019abord par simple curiosit\u00e9 et d\u00e9fi personnel. Perfectionniste dans l\u2019\u00e2me et dans tout ce qu\u2019elle entreprend, elle a approfondi davantage ses connaissances en la mati\u00e8re et a rapidement compris que le v\u00e9ritable processus de fabrication du chocolat, celui de la f\u00e8ve \u00e0 la tablette, est bien plus complexe et exigeant. Autrement dit, tout ce qu\u2019elle aime&#8230; Elle s\u2019est donc lanc\u00e9e dans la recherche de ses f\u00e8ves de pr\u00e9dilection, avec l\u2019id\u00e9e de toujours rester fid\u00e8le \u00e0 ses go\u00fbts et de proposer seulement des produits qu\u2019elle consommerait elle-m\u00eame.<\/p>\n<p class=\"lead\">Les chocolats Barbon sont le fruit de plusieurs mois d\u2019essais, l\u2019objectif \u00e9tant d\u2019offrir aux amateurs de vrai chocolat des produits nobles et haut de gamme, autant par la qualit\u00e9 du chocolat que celle des emballages, et de se d\u00e9marquer gr\u00e2ce \u00e0 la raret\u00e9 et \u00e0 l\u2019excellence de ses produits. Il faut dire que Barbara excelle bien au-del\u00e0 du domaine du chocolat. Peut-\u00eatre la connaissez-vous d\u00e9j\u00e0 pour ses talents musicaux ? Misstress Barbara est une DJ, productrice, auteure-compositrice-interpr\u00e8te mondialement connue, qui aime par dessus tout les bonnes choses.<\/p>\n<p class=\"lead\">Les chocolats Barbon sont tous des tablettes de chocolat faites \u00e0 la main, fabriqu\u00e9es \u00e0 partir de f\u00e8ves de cacao biologiques, \u00e9quitables, d&rsquo;origine unique et issues du commerce \u00e9quitable. Produites en quantit\u00e9s tr\u00e8s limit\u00e9es, elles sont toutes tr\u00e8s pauvres en sucre, sont 100% v\u00e9g\u00e9taliennes et ne contiennent aucun produit laitier, gluten, soja, noix, additifs, conservateurs, \u00e9mulsifiants ou ar\u00f4mes artificiels. Et parce que Barbon se soucie de l&rsquo;environnement, ses emballages \u00e9l\u00e9gants et de haute qualit\u00e9 sont \u00e9galement recyclables \u00e0 100 %.<\/p>\n<p class=\"lead\">M\u00e9daill\u00e9s aux International Chocolate Awards, les chocolats Barbon sont de parfaits cadeaux d\u2019h\u00f4te.<\/p><\/p>\n\n              <\/div>\n           <\/div>\n                            \n<style>\n#text-box-278596087 {\n  width: 96%;\n}\n#text-box-278596087 .text-box-content {\n  font-size: 132%;\n}\n@media (min-width:550px) {\n  #text-box-278596087 {\n    width: 96%;\n  }\n  #text-box-278596087 .text-box-content {\n    font-size: 132%;\n  }\n}\n@media (min-width:850px) {\n  #text-box-278596087 {\n    width: 100%;\n  }\n  #text-box-278596087 .text-box-content {\n    font-size: 120%;\n  }\n}\n<\/style>\n    <\/div>\n \n\n        <\/div>\n      <\/div>\n\n            \n<style>\n#banner-1240194531 {\n  padding-top: 800px;\n  background-color: rgb(255,255,255);\n}\n@media (min-width:550px) {\n  #banner-1240194531 {\n    padding-top: 1400px;\n  }\n}\n@media (min-width:850px) {\n  #banner-1240194531 {\n    padding-top: 1000px;\n  }\n}\n<\/style>\n  <\/div>\n\n\n\t<div id=\"gap-1691739234\" class=\"gap-element clearfix\" style=\"display:block; height:auto;\">\n\t\t\n<style>\n#gap-1691739234 {\n  padding-top: 0px;\n}\n@media (min-width:550px) {\n  #gap-1691739234 {\n    padding-top: 17px;\n  }\n}\n@media (min-width:850px) {\n  #gap-1691739234 {\n    padding-top: 55px;\n  }\n}\n<\/style>\n\t<\/div>\n\t\n\n<div class=\"text-center\"><div class=\"is-divider divider clearfix\" style=\"margin-top:1.4em;margin-bottom:1.4em;max-width:100px;height:2px;background-color:rgb(161, 161, 161);\"><\/div><\/div>\n\n<div class=\"social-icons follow-icons full-width text-center\" style=\"font-size:130%\"><a href=\"http:\/\/www.facebook.com\/barbonchocolate\" target=\"_blank\" data-label=\"Facebook\" class=\"icon plain tooltip facebook\" title=\"Nous suivre sur Facebook\" aria-label=\"Nous suivre sur Facebook\" rel=\"noopener nofollow\"><i class=\"icon-facebook\" aria-hidden=\"true\"><\/i><\/a><a href=\"http:\/\/www.instagram.com\/barbonchocolate\" target=\"_blank\" data-label=\"Instagram\" class=\"icon plain tooltip instagram\" title=\"Nous suivre sur Instagram\" aria-label=\"Nous suivre sur Instagram\" rel=\"noopener nofollow\"><i class=\"icon-instagram\" aria-hidden=\"true\"><\/i><\/a><\/div>\n\n\t<div id=\"gap-721857189\" class=\"gap-element clearfix\" style=\"display:block; height:auto;\">\n\t\t\n<style>\n#gap-721857189 {\n  padding-top: 30px;\n}\n<\/style>\n\t<\/div>\n\t\n\n\n","protected":false},"excerpt":{"rendered":"","protected":false},"author":1,"featured_media":0,"parent":0,"menu_order":0,"comment_status":"closed","ping_status":"closed","template":"page-blank.php","meta":{"footnotes":""},"class_list":["post-2764","page","type-page","status-publish","hentry"],"yoast_head":"<!-- This site is optimized with the Yoast SEO plugin v27.3 - https:\/\/yoast.com\/product\/yoast-seo-wordpress\/ -->\n<title>\u00c0 Propos de Barbon - Barbon Chocolate<\/title>\n<meta name=\"robots\" content=\"index, follow, max-snippet:-1, max-image-preview:large, max-video-preview:-1\" \/>\n<link rel=\"canonical\" href=\"https:\/\/barbonchocolate.com\/fr\/aproposdebarbon\/\" \/>\n<meta property=\"og:locale\" content=\"fr_FR\" \/>\n<meta property=\"og:type\" content=\"article\" \/>\n<meta property=\"og:title\" content=\"\u00c0 Propos de Barbon - Barbon Chocolate\" \/>\n<meta property=\"og:url\" content=\"https:\/\/barbonchocolate.com\/fr\/aproposdebarbon\/\" \/>\n<meta property=\"og:site_name\" content=\"Barbon Chocolate\" \/>\n<meta property=\"article:publisher\" content=\"http:\/\/facebook.com\/barbonchocolate.com\" \/>\n<meta property=\"article:modified_time\" content=\"2020-12-11T21:03:56+00:00\" \/>\n<meta name=\"twitter:card\" content=\"summary_large_image\" \/>\n<meta name=\"twitter:site\" content=\"@barbonchocolate\" \/>\n<meta name=\"twitter:label1\" content=\"Dur\u00e9e de lecture estim\u00e9e\" \/>\n\t<meta name=\"twitter:data1\" content=\"3 minutes\" \/>\n<script type=\"application\/ld+json\" class=\"yoast-schema-graph\">{\"@context\":\"https:\\\/\\\/schema.org\",\"@graph\":[{\"@type\":\"WebPage\",\"@id\":\"https:\\\/\\\/barbonchocolate.com\\\/fr\\\/aproposdebarbon\\\/\",\"url\":\"https:\\\/\\\/barbonchocolate.com\\\/fr\\\/aproposdebarbon\\\/\",\"name\":\"\u00c0 Propos de Barbon - Barbon Chocolate\",\"isPartOf\":{\"@id\":\"https:\\\/\\\/barbonchocolate.com\\\/fr\\\/#website\"},\"datePublished\":\"2020-11-03T19:08:13+00:00\",\"dateModified\":\"2020-12-11T21:03:56+00:00\",\"breadcrumb\":{\"@id\":\"https:\\\/\\\/barbonchocolate.com\\\/fr\\\/aproposdebarbon\\\/#breadcrumb\"},\"inLanguage\":\"fr-FR\",\"potentialAction\":[{\"@type\":\"ReadAction\",\"target\":[\"https:\\\/\\\/barbonchocolate.com\\\/fr\\\/aproposdebarbon\\\/\"]}]},{\"@type\":\"BreadcrumbList\",\"@id\":\"https:\\\/\\\/barbonchocolate.com\\\/fr\\\/aproposdebarbon\\\/#breadcrumb\",\"itemListElement\":[{\"@type\":\"ListItem\",\"position\":1,\"name\":\"Home\",\"item\":\"https:\\\/\\\/barbonchocolate.com\\\/fr\\\/\"},{\"@type\":\"ListItem\",\"position\":2,\"name\":\"\u00c0 Propos de Barbon\"}]},{\"@type\":\"WebSite\",\"@id\":\"https:\\\/\\\/barbonchocolate.com\\\/fr\\\/#website\",\"url\":\"https:\\\/\\\/barbonchocolate.com\\\/fr\\\/\",\"name\":\"Barbon Chocolate\",\"description\":\"Chocolat m\u00e9daill\u00e9, confectionn\u00e9 de la f\u00e8ve \u00e0 la tablette\",\"publisher\":{\"@id\":\"https:\\\/\\\/barbonchocolate.com\\\/fr\\\/#organization\"},\"potentialAction\":[{\"@type\":\"SearchAction\",\"target\":{\"@type\":\"EntryPoint\",\"urlTemplate\":\"https:\\\/\\\/barbonchocolate.com\\\/fr\\\/?s={search_term_string}\"},\"query-input\":{\"@type\":\"PropertyValueSpecification\",\"valueRequired\":true,\"valueName\":\"search_term_string\"}}],\"inLanguage\":\"fr-FR\"},{\"@type\":\"Organization\",\"@id\":\"https:\\\/\\\/barbonchocolate.com\\\/fr\\\/#organization\",\"name\":\"Barbon Chocolate\",\"url\":\"https:\\\/\\\/barbonchocolate.com\\\/fr\\\/\",\"logo\":{\"@type\":\"ImageObject\",\"inLanguage\":\"fr-FR\",\"@id\":\"https:\\\/\\\/barbonchocolate.com\\\/fr\\\/#\\\/schema\\\/logo\\\/image\\\/\",\"url\":\"https:\\\/\\\/barbonchocolate.com\\\/wp-content\\\/uploads\\\/2020\\\/01\\\/favicon.ico\",\"contentUrl\":\"https:\\\/\\\/barbonchocolate.com\\\/wp-content\\\/uploads\\\/2020\\\/01\\\/favicon.ico\",\"width\":16,\"height\":16,\"caption\":\"Barbon Chocolate\"},\"image\":{\"@id\":\"https:\\\/\\\/barbonchocolate.com\\\/fr\\\/#\\\/schema\\\/logo\\\/image\\\/\"},\"sameAs\":[\"http:\\\/\\\/facebook.com\\\/barbonchocolate.com\",\"https:\\\/\\\/x.com\\\/barbonchocolate\",\"http:\\\/\\\/instagram.com\\\/barbonchocolate\"]}]}<\/script>\n<!-- \/ Yoast SEO plugin. -->","yoast_head_json":{"title":"\u00c0 Propos de Barbon - Barbon Chocolate","robots":{"index":"index","follow":"follow","max-snippet":"max-snippet:-1","max-image-preview":"max-image-preview:large","max-video-preview":"max-video-preview:-1"},"canonical":"https:\/\/barbonchocolate.com\/fr\/aproposdebarbon\/","og_locale":"fr_FR","og_type":"article","og_title":"\u00c0 Propos de Barbon - Barbon Chocolate","og_url":"https:\/\/barbonchocolate.com\/fr\/aproposdebarbon\/","og_site_name":"Barbon Chocolate","article_publisher":"http:\/\/facebook.com\/barbonchocolate.com","article_modified_time":"2020-12-11T21:03:56+00:00","twitter_card":"summary_large_image","twitter_site":"@barbonchocolate","twitter_misc":{"Dur\u00e9e de lecture estim\u00e9e":"3 minutes"},"schema":{"@context":"https:\/\/schema.org","@graph":[{"@type":"WebPage","@id":"https:\/\/barbonchocolate.com\/fr\/aproposdebarbon\/","url":"https:\/\/barbonchocolate.com\/fr\/aproposdebarbon\/","name":"\u00c0 Propos de Barbon - Barbon Chocolate","isPartOf":{"@id":"https:\/\/barbonchocolate.com\/fr\/#website"},"datePublished":"2020-11-03T19:08:13+00:00","dateModified":"2020-12-11T21:03:56+00:00","breadcrumb":{"@id":"https:\/\/barbonchocolate.com\/fr\/aproposdebarbon\/#breadcrumb"},"inLanguage":"fr-FR","potentialAction":[{"@type":"ReadAction","target":["https:\/\/barbonchocolate.com\/fr\/aproposdebarbon\/"]}]},{"@type":"BreadcrumbList","@id":"https:\/\/barbonchocolate.com\/fr\/aproposdebarbon\/#breadcrumb","itemListElement":[{"@type":"ListItem","position":1,"name":"Home","item":"https:\/\/barbonchocolate.com\/fr\/"},{"@type":"ListItem","position":2,"name":"\u00c0 Propos de Barbon"}]},{"@type":"WebSite","@id":"https:\/\/barbonchocolate.com\/fr\/#website","url":"https:\/\/barbonchocolate.com\/fr\/","name":"Barbon Chocolate","description":"Chocolat m\u00e9daill\u00e9, confectionn\u00e9 de la f\u00e8ve \u00e0 la tablette","publisher":{"@id":"https:\/\/barbonchocolate.com\/fr\/#organization"},"potentialAction":[{"@type":"SearchAction","target":{"@type":"EntryPoint","urlTemplate":"https:\/\/barbonchocolate.com\/fr\/?s={search_term_string}"},"query-input":{"@type":"PropertyValueSpecification","valueRequired":true,"valueName":"search_term_string"}}],"inLanguage":"fr-FR"},{"@type":"Organization","@id":"https:\/\/barbonchocolate.com\/fr\/#organization","name":"Barbon Chocolate","url":"https:\/\/barbonchocolate.com\/fr\/","logo":{"@type":"ImageObject","inLanguage":"fr-FR","@id":"https:\/\/barbonchocolate.com\/fr\/#\/schema\/logo\/image\/","url":"https:\/\/barbonchocolate.com\/wp-content\/uploads\/2020\/01\/favicon.ico","contentUrl":"https:\/\/barbonchocolate.com\/wp-content\/uploads\/2020\/01\/favicon.ico","width":16,"height":16,"caption":"Barbon Chocolate"},"image":{"@id":"https:\/\/barbonchocolate.com\/fr\/#\/schema\/logo\/image\/"},"sameAs":["http:\/\/facebook.com\/barbonchocolate.com","https:\/\/x.com\/barbonchocolate","http:\/\/instagram.com\/barbonchocolate"]}]}},"_links":{"self":[{"href":"https:\/\/barbonchocolate.com\/fr\/wp-json\/wp\/v2\/pages\/2764","targetHints":{"allow":["GET"]}}],"collection":[{"href":"https:\/\/barbonchocolate.com\/fr\/wp-json\/wp\/v2\/pages"}],"about":[{"href":"https:\/\/barbonchocolate.com\/fr\/wp-json\/wp\/v2\/types\/page"}],"author":[{"embeddable":true,"href":"https:\/\/barbonchocolate.com\/fr\/wp-json\/wp\/v2\/users\/1"}],"replies":[{"embeddable":true,"href":"https:\/\/barbonchocolate.com\/fr\/wp-json\/wp\/v2\/comments?post=2764"}],"version-history":[{"count":8,"href":"https:\/\/barbonchocolate.com\/fr\/wp-json\/wp\/v2\/pages\/2764\/revisions"}],"predecessor-version":[{"id":2834,"href":"https:\/\/barbonchocolate.com\/fr\/wp-json\/wp\/v2\/pages\/2764\/revisions\/2834"}],"wp:attachment":[{"href":"https:\/\/barbonchocolate.com\/fr\/wp-json\/wp\/v2\/media?parent=2764"}],"curies":[{"name":"wp","href":"https:\/\/api.w.org\/{rel}","templated":true}]}}