{"id":2265,"date":"2019-11-27T17:08:19","date_gmt":"2019-11-27T21:08:19","guid":{"rendered":"https:\/\/barbonchocolate.com\/politique-de-confidentialite\/"},"modified":"2019-11-27T18:49:54","modified_gmt":"2019-11-27T22:49:54","slug":"politiquedeconfidentialite","status":"publish","type":"page","link":"https:\/\/barbonchocolate.com\/fr\/politiquedeconfidentialite\/","title":{"rendered":"Politique de confidentialit\u00e9"},"content":{"rendered":"\n<p>Cette politique de confidentialit\u00e9 d\u00e9crit la fa\u00e7on dont vos renseignements personnels sont recueillis, utilis\u00e9s et partag\u00e9s lorsque vous visitez ou effectuez un achat \u00e0 partir du \u00ab site \u00bb).<\/p>\n\n\n\n<p>INFORMATIONS PERSONNELLES QUE NOUS RECUEILLONS<\/p>\n\n\n\n<p>Lorsque vous effectuez un achat ou que vous tentez d&rsquo;effectuer un achat sur le Site, nous recueillons certaines informations aupr\u00e8s de vous, y compris votre nom, votre adresse de facturation, votre adresse d&rsquo;exp\u00e9dition, vos informations de paiement (y compris les num\u00e9ros de carte de cr\u00e9dit), votre adresse e-mail et votre num\u00e9ro de t\u00e9l\u00e9phone. Nous nous r\u00e9f\u00e9rons \u00e0 cette information sous le titre d&rsquo;\u00ab information sur l&rsquo;ordre \u00bb.<\/p>\n\n\n\n<p>Lorsque nous parlons de \u00ab renseignements personnels \u00bb dans cette politique de confidentialit\u00e9, nous parlons \u00e0 la fois de l&rsquo;information sur les appareils et des renseignements sur les commandes.<\/p>\n\n\n\n<p>COMMENT UTILISONS-NOUS VOS RENSEIGNEMENTS PERSONNELS?<\/p>\n\n\n\n<p>Nous utilisons les informations de commande que nous recueillons g\u00e9n\u00e9ralement pour r\u00e9pondre \u00e0 toutes les commandes pass\u00e9es sur le Site (y compris le traitement de vos informations de paiement, l&rsquo;organisation de l&rsquo;exp\u00e9dition, et de vous fournir des factures et \/ ou des confirmations de commande). En outre, nous utilisons ces informations d&rsquo;ordre pour :<br>\nCommuniquer avec vous;<br>\nExaminer nos ordres pour d\u00e9celer les risques ou les fraudes potentiels; Et<br>\nEn accord avec les pr\u00e9f\u00e9rences que vous avez partag\u00e9es avec nous, vous fournir des informations ou de la publicit\u00e9 relatives \u00e0 nos produits ou services.<br>\nNous utilisons les informations sur l&rsquo;appareil que nous recueillons pour nous aider \u00e0 d\u00e9pister les risques potentiels et la fraude (en particulier votre adresse IP), et plus g\u00e9n\u00e9ralement pour am\u00e9liorer et optimiser notre Site (par exemple, en g\u00e9n\u00e9rant des analyses sur la fa\u00e7on dont nos clients naviguent et interagissent avec le site, et d&rsquo;\u00e9valuer le succ\u00e8s de nos campagnes de marketing et de publicit\u00e9).<\/p>\n\n\n\n<p>NOUS NE PARTAGEONS PAS VOS INFORMATIONS PERSONNELLES<\/p>\n\n\n\n<p>CONSERVATION DES DONN\u00c9ES<br>\nLorsque vous passez une commande via le Site, nous maintenons vos informations de commande pour nos enregistrements \u00e0 moins et jusqu&rsquo;\u00e0 ce que vous nous demandiez de supprimer ces informations.<\/p>\n\n\n\n<p>Mineurs<br>\nLe site n&rsquo;est pas destin\u00e9 aux personnes de moins de 18 ans.<\/p>\n\n\n\n<p>Changements<br>\nNous pouvons mettre \u00e0 jour cette politique de confidentialit\u00e9 de temps \u00e0 autre afin de refl\u00e9ter, par exemple, les changements apport\u00e9s \u00e0 nos pratiques ou pour d&rsquo;autres raisons op\u00e9rationnelles, juridiques ou r\u00e9glementaires.<\/p>\n\n\n\n<p>Contactez-nous<br>\nPour plus d&rsquo;informations sur nos pratiques en mati\u00e8re de protection de la vie priv\u00e9e, si vous avez des questions, ou si vous souhaitez d\u00e9poser une plainte, veuillez nous contacter par courriel \u00e0 barbon@barbonchocolate.com <\/p>\n","protected":false},"excerpt":{"rendered":"<p>Cette politique de confidentialit\u00e9 d\u00e9crit la fa\u00e7on dont vos renseignements personnels sont recueillis, utilis\u00e9s et partag\u00e9s lorsque vous visitez ou effectuez un achat \u00e0 partir du \u00ab site \u00bb). INFORMATIONS PERSONNELLES QUE NOUS RECUEILLONS Lorsque vous effectuez un achat ou que vous tentez d&rsquo;effectuer un achat sur le Site, nous recueillons certaines informations aupr\u00e8s de [&#8230;]\n","protected":false},"author":1,"featured_media":0,"parent":0,"menu_order":0,"comment_status":"closed","ping_status":"closed","template":"page-blank-title-center.php","meta":{"footnotes":""},"class_list":["post-2265","page","type-page","status-publish","hentry"],"yoast_head":"<!-- This site is optimized with the Yoast SEO plugin v27.3 - https:\/\/yoast.com\/product\/yoast-seo-wordpress\/ -->\n<title>Politique de confidentialit\u00e9 - Barbon Chocolate<\/title>\n<meta name=\"robots\" content=\"index, follow, max-snippet:-1, max-image-preview:large, max-video-preview:-1\" \/>\n<link rel=\"canonical\" href=\"https:\/\/barbonchocolate.com\/fr\/politiquedeconfidentialite\/\" \/>\n<meta property=\"og:locale\" content=\"fr_FR\" \/>\n<meta property=\"og:type\" content=\"article\" \/>\n<meta property=\"og:title\" content=\"Politique de confidentialit\u00e9 - Barbon Chocolate\" \/>\n<meta property=\"og:description\" content=\"Cette politique de confidentialit\u00e9 d\u00e9crit la fa\u00e7on dont vos renseignements personnels sont recueillis, utilis\u00e9s et partag\u00e9s lorsque vous visitez ou effectuez un achat \u00e0 partir du \u00ab site \u00bb). INFORMATIONS PERSONNELLES QUE NOUS RECUEILLONS Lorsque vous effectuez un achat ou que vous tentez d&rsquo;effectuer un achat sur le Site, nous recueillons certaines informations aupr\u00e8s de [...]\" \/>\n<meta property=\"og:url\" content=\"https:\/\/barbonchocolate.com\/fr\/politiquedeconfidentialite\/\" \/>\n<meta property=\"og:site_name\" content=\"Barbon Chocolate\" \/>\n<meta property=\"article:publisher\" content=\"http:\/\/facebook.com\/barbonchocolate.com\" \/>\n<meta property=\"article:modified_time\" content=\"2019-11-27T22:49:54+00:00\" \/>\n<meta name=\"twitter:card\" content=\"summary_large_image\" \/>\n<meta name=\"twitter:site\" content=\"@barbonchocolate\" \/>\n<meta name=\"twitter:label1\" content=\"Dur\u00e9e de lecture estim\u00e9e\" \/>\n\t<meta name=\"twitter:data1\" content=\"2 minutes\" \/>\n<script type=\"application\/ld+json\" class=\"yoast-schema-graph\">{\"@context\":\"https:\\\/\\\/schema.org\",\"@graph\":[{\"@type\":\"WebPage\",\"@id\":\"https:\\\/\\\/barbonchocolate.com\\\/fr\\\/politiquedeconfidentialite\\\/\",\"url\":\"https:\\\/\\\/barbonchocolate.com\\\/fr\\\/politiquedeconfidentialite\\\/\",\"name\":\"Politique de confidentialit\u00e9 - Barbon Chocolate\",\"isPartOf\":{\"@id\":\"https:\\\/\\\/barbonchocolate.com\\\/fr\\\/#website\"},\"datePublished\":\"2019-11-27T21:08:19+00:00\",\"dateModified\":\"2019-11-27T22:49:54+00:00\",\"breadcrumb\":{\"@id\":\"https:\\\/\\\/barbonchocolate.com\\\/fr\\\/politiquedeconfidentialite\\\/#breadcrumb\"},\"inLanguage\":\"fr-FR\",\"potentialAction\":[{\"@type\":\"ReadAction\",\"target\":[\"https:\\\/\\\/barbonchocolate.com\\\/fr\\\/politiquedeconfidentialite\\\/\"]}]},{\"@type\":\"BreadcrumbList\",\"@id\":\"https:\\\/\\\/barbonchocolate.com\\\/fr\\\/politiquedeconfidentialite\\\/#breadcrumb\",\"itemListElement\":[{\"@type\":\"ListItem\",\"position\":1,\"name\":\"Home\",\"item\":\"https:\\\/\\\/barbonchocolate.com\\\/fr\\\/\"},{\"@type\":\"ListItem\",\"position\":2,\"name\":\"Politique de confidentialit\u00e9\"}]},{\"@type\":\"WebSite\",\"@id\":\"https:\\\/\\\/barbonchocolate.com\\\/fr\\\/#website\",\"url\":\"https:\\\/\\\/barbonchocolate.com\\\/fr\\\/\",\"name\":\"Barbon Chocolate\",\"description\":\"Chocolat m\u00e9daill\u00e9, confectionn\u00e9 de la f\u00e8ve \u00e0 la tablette\",\"publisher\":{\"@id\":\"https:\\\/\\\/barbonchocolate.com\\\/fr\\\/#organization\"},\"potentialAction\":[{\"@type\":\"SearchAction\",\"target\":{\"@type\":\"EntryPoint\",\"urlTemplate\":\"https:\\\/\\\/barbonchocolate.com\\\/fr\\\/?s={search_term_string}\"},\"query-input\":{\"@type\":\"PropertyValueSpecification\",\"valueRequired\":true,\"valueName\":\"search_term_string\"}}],\"inLanguage\":\"fr-FR\"},{\"@type\":\"Organization\",\"@id\":\"https:\\\/\\\/barbonchocolate.com\\\/fr\\\/#organization\",\"name\":\"Barbon Chocolate\",\"url\":\"https:\\\/\\\/barbonchocolate.com\\\/fr\\\/\",\"logo\":{\"@type\":\"ImageObject\",\"inLanguage\":\"fr-FR\",\"@id\":\"https:\\\/\\\/barbonchocolate.com\\\/fr\\\/#\\\/schema\\\/logo\\\/image\\\/\",\"url\":\"https:\\\/\\\/barbonchocolate.com\\\/wp-content\\\/uploads\\\/2020\\\/01\\\/favicon.ico\",\"contentUrl\":\"https:\\\/\\\/barbonchocolate.com\\\/wp-content\\\/uploads\\\/2020\\\/01\\\/favicon.ico\",\"width\":16,\"height\":16,\"caption\":\"Barbon Chocolate\"},\"image\":{\"@id\":\"https:\\\/\\\/barbonchocolate.com\\\/fr\\\/#\\\/schema\\\/logo\\\/image\\\/\"},\"sameAs\":[\"http:\\\/\\\/facebook.com\\\/barbonchocolate.com\",\"https:\\\/\\\/x.com\\\/barbonchocolate\",\"http:\\\/\\\/instagram.com\\\/barbonchocolate\"]}]}<\/script>\n<!-- \/ Yoast SEO plugin. -->","yoast_head_json":{"title":"Politique de confidentialit\u00e9 - Barbon Chocolate","robots":{"index":"index","follow":"follow","max-snippet":"max-snippet:-1","max-image-preview":"max-image-preview:large","max-video-preview":"max-video-preview:-1"},"canonical":"https:\/\/barbonchocolate.com\/fr\/politiquedeconfidentialite\/","og_locale":"fr_FR","og_type":"article","og_title":"Politique de confidentialit\u00e9 - Barbon Chocolate","og_description":"Cette politique de confidentialit\u00e9 d\u00e9crit la fa\u00e7on dont vos renseignements personnels sont recueillis, utilis\u00e9s et partag\u00e9s lorsque vous visitez ou effectuez un achat \u00e0 partir du \u00ab site \u00bb). INFORMATIONS PERSONNELLES QUE NOUS RECUEILLONS Lorsque vous effectuez un achat ou que vous tentez d&rsquo;effectuer un achat sur le Site, nous recueillons certaines informations aupr\u00e8s de [...]","og_url":"https:\/\/barbonchocolate.com\/fr\/politiquedeconfidentialite\/","og_site_name":"Barbon Chocolate","article_publisher":"http:\/\/facebook.com\/barbonchocolate.com","article_modified_time":"2019-11-27T22:49:54+00:00","twitter_card":"summary_large_image","twitter_site":"@barbonchocolate","twitter_misc":{"Dur\u00e9e de lecture estim\u00e9e":"2 minutes"},"schema":{"@context":"https:\/\/schema.org","@graph":[{"@type":"WebPage","@id":"https:\/\/barbonchocolate.com\/fr\/politiquedeconfidentialite\/","url":"https:\/\/barbonchocolate.com\/fr\/politiquedeconfidentialite\/","name":"Politique de confidentialit\u00e9 - Barbon Chocolate","isPartOf":{"@id":"https:\/\/barbonchocolate.com\/fr\/#website"},"datePublished":"2019-11-27T21:08:19+00:00","dateModified":"2019-11-27T22:49:54+00:00","breadcrumb":{"@id":"https:\/\/barbonchocolate.com\/fr\/politiquedeconfidentialite\/#breadcrumb"},"inLanguage":"fr-FR","potentialAction":[{"@type":"ReadAction","target":["https:\/\/barbonchocolate.com\/fr\/politiquedeconfidentialite\/"]}]},{"@type":"BreadcrumbList","@id":"https:\/\/barbonchocolate.com\/fr\/politiquedeconfidentialite\/#breadcrumb","itemListElement":[{"@type":"ListItem","position":1,"name":"Home","item":"https:\/\/barbonchocolate.com\/fr\/"},{"@type":"ListItem","position":2,"name":"Politique de confidentialit\u00e9"}]},{"@type":"WebSite","@id":"https:\/\/barbonchocolate.com\/fr\/#website","url":"https:\/\/barbonchocolate.com\/fr\/","name":"Barbon Chocolate","description":"Chocolat m\u00e9daill\u00e9, confectionn\u00e9 de la f\u00e8ve \u00e0 la tablette","publisher":{"@id":"https:\/\/barbonchocolate.com\/fr\/#organization"},"potentialAction":[{"@type":"SearchAction","target":{"@type":"EntryPoint","urlTemplate":"https:\/\/barbonchocolate.com\/fr\/?s={search_term_string}"},"query-input":{"@type":"PropertyValueSpecification","valueRequired":true,"valueName":"search_term_string"}}],"inLanguage":"fr-FR"},{"@type":"Organization","@id":"https:\/\/barbonchocolate.com\/fr\/#organization","name":"Barbon Chocolate","url":"https:\/\/barbonchocolate.com\/fr\/","logo":{"@type":"ImageObject","inLanguage":"fr-FR","@id":"https:\/\/barbonchocolate.com\/fr\/#\/schema\/logo\/image\/","url":"https:\/\/barbonchocolate.com\/wp-content\/uploads\/2020\/01\/favicon.ico","contentUrl":"https:\/\/barbonchocolate.com\/wp-content\/uploads\/2020\/01\/favicon.ico","width":16,"height":16,"caption":"Barbon Chocolate"},"image":{"@id":"https:\/\/barbonchocolate.com\/fr\/#\/schema\/logo\/image\/"},"sameAs":["http:\/\/facebook.com\/barbonchocolate.com","https:\/\/x.com\/barbonchocolate","http:\/\/instagram.com\/barbonchocolate"]}]}},"_links":{"self":[{"href":"https:\/\/barbonchocolate.com\/fr\/wp-json\/wp\/v2\/pages\/2265","targetHints":{"allow":["GET"]}}],"collection":[{"href":"https:\/\/barbonchocolate.com\/fr\/wp-json\/wp\/v2\/pages"}],"about":[{"href":"https:\/\/barbonchocolate.com\/fr\/wp-json\/wp\/v2\/types\/page"}],"author":[{"embeddable":true,"href":"https:\/\/barbonchocolate.com\/fr\/wp-json\/wp\/v2\/users\/1"}],"replies":[{"embeddable":true,"href":"https:\/\/barbonchocolate.com\/fr\/wp-json\/wp\/v2\/comments?post=2265"}],"version-history":[{"count":2,"href":"https:\/\/barbonchocolate.com\/fr\/wp-json\/wp\/v2\/pages\/2265\/revisions"}],"predecessor-version":[{"id":2279,"href":"https:\/\/barbonchocolate.com\/fr\/wp-json\/wp\/v2\/pages\/2265\/revisions\/2279"}],"wp:attachment":[{"href":"https:\/\/barbonchocolate.com\/fr\/wp-json\/wp\/v2\/media?parent=2265"}],"curies":[{"name":"wp","href":"https:\/\/api.w.org\/{rel}","templated":true}]}}