{"id":2263,"date":"2019-11-27T17:04:52","date_gmt":"2019-11-27T21:04:52","guid":{"rendered":"https:\/\/barbonchocolate.com\/points-de-vente\/"},"modified":"2020-10-21T10:08:19","modified_gmt":"2020-10-21T14:08:19","slug":"pointsdevente","status":"publish","type":"page","link":"https:\/\/barbonchocolate.com\/fr\/pointsdevente\/","title":{"rendered":"Points De Vente"},"content":{"rendered":"\n  <div class=\"banner-grid-wrapper\">\n  <div id=\"banner-grid-1349394041\" class=\"banner-grid row row-grid row-xsmall row-full-width\" data-packery-options=\"\">\n                      \n\n<div class=\"col grid-col large-12 grid-col-2-3\" ><div class=\"col-inner\">\n\n\n  <div class=\"banner has-hover\" id=\"banner-534137487\">\n          <div class=\"banner-inner fill\">\n        <div class=\"banner-bg fill\" >\n            <img loading=\"lazy\" decoding=\"async\" width=\"1440\" height=\"1251\" src=\"https:\/\/barbonchocolate.com\/wp-content\/uploads\/2019\/07\/all-felines.jpg\" class=\"bg attachment-original size-original\" alt=\"Barbon Chocolate\" \/>                        <div class=\"overlay\"><\/div>            \n                    <\/div>\n\t\t\n        <div class=\"banner-layers container\">\n            <div class=\"fill banner-link\"><\/div>            \n\n   <div id=\"text-box-766825562\" class=\"text-box banner-layer x50 md-x50 lg-x50 y50 md-y50 lg-y50 res-text\">\n                                <div class=\"text-box-content text dark\">\n              \n              <div class=\"text-inner text-center\">\n                  \n\n<h2 class=\"uppercase\"><strong>Points De Vente<\/strong><\/h2>\n\n              <\/div>\n           <\/div>\n                            \n<style>\n#text-box-766825562 {\n  width: 60%;\n}\n#text-box-766825562 .text-box-content {\n  font-size: 100%;\n}\n<\/style>\n    <\/div>\n \n\n        <\/div>\n      <\/div>\n\n            \n<style>\n#banner-534137487 {\n  padding-top: 597px;\n}\n#banner-534137487 .overlay {\n  background-color: rgba(0, 0, 0, 0.5);\n}\n#banner-534137487 .banner-bg img {\n  object-position: 45% 0%;\n}\n<\/style>\n  <\/div>\n\n\n\n<\/div><\/div>\n<div class=\"col grid-col small-14 large-3 grid-col-1-2\" ><div class=\"col-inner\">\n\n\n  <div class=\"banner has-hover\" id=\"banner-1084557737\">\n          <div class=\"banner-inner fill\">\n        <div class=\"banner-bg fill\" >\n                                                \n                    <\/div>\n\t\t\n        <div class=\"banner-layers container\">\n            <div class=\"fill banner-link\"><\/div>            \n\n   <div id=\"text-box-1360205881\" class=\"text-box banner-layer text-box-circle x50 md-x50 lg-x50 y50 md-y50 lg-y50 res-text\">\n                                <div class=\"text-box-content text dark\">\n              \n              <div class=\"text-inner text-center\">\n                  \n\n<h3 class=\"lead\" style=\"text-align: center;\"><span style=\"font-size: 120%;\">Barbon Chocolate<br \/><\/span><\/h3>\n<h4>&nbsp;<\/h4>\n<h4 class=\"lead\" style=\"text-align: center;\"><span style=\"font-size: 120%;\">Boutique en ligne<br \/><\/span><\/h4>\n\n              <\/div>\n           <\/div>\n                            \n<style>\n#text-box-1360205881 {\n  width: 72%;\n}\n#text-box-1360205881 .text-box-content {\n  font-size: 100%;\n}\n@media (min-width:550px) {\n  #text-box-1360205881 {\n    width: 85%;\n  }\n}\n@media (min-width:850px) {\n  #text-box-1360205881 {\n    width: 63%;\n  }\n}\n<\/style>\n    <\/div>\n \n\n        <\/div>\n      <\/div>\n\n            \n<style>\n#banner-1084557737 {\n  padding-top: 500px;\n  background-color: rgb(0, 127, 163);\n}\n<\/style>\n  <\/div>\n\n\n\n<\/div><\/div>\n<div class=\"col grid-col small-13 large-3 grid-col-1-2\" ><div class=\"col-inner\">\n\n\n  <div class=\"banner has-hover\" id=\"banner-1649731114\">\n          <div class=\"banner-inner fill\">\n        <div class=\"banner-bg fill\" >\n                                                \n                    <\/div>\n\t\t\n        <div class=\"banner-layers container\">\n            <div class=\"fill banner-link\"><\/div>            \n\n   <div id=\"text-box-1042243667\" class=\"text-box banner-layer text-box-circle x50 md-x50 lg-x50 y50 md-y50 lg-y50 res-text\">\n                                <div class=\"text-box-content text dark\">\n              \n              <div class=\"text-inner text-center\">\n                  \n\n<h3 class=\"lead\" style=\"text-align: center;\"><span style=\"font-size: 120%;\">\u00c9tat de Choc<\/span><\/h3>\n<h4 class=\"lead\" style=\"text-align: center;\"><span style=\"font-size: 120%;\"><br \/>6466 St Laurent Blvd<br \/>Montrea, QC <\/span><\/h4>\n<h4 class=\"lead\" style=\"text-align: center;\"><span style=\"font-size: 120%;\"> <\/span><\/h4>\n\n              <\/div>\n           <\/div>\n                            \n<style>\n#text-box-1042243667 {\n  width: 72%;\n}\n#text-box-1042243667 .text-box-content {\n  font-size: 100%;\n}\n@media (min-width:550px) {\n  #text-box-1042243667 {\n    width: 85%;\n  }\n}\n@media (min-width:850px) {\n  #text-box-1042243667 {\n    width: 63%;\n  }\n}\n<\/style>\n    <\/div>\n \n\n        <\/div>\n      <\/div>\n\n            \n<style>\n#banner-1649731114 {\n  padding-top: 500px;\n  background-color: rgb(198, 137, 63);\n}\n<\/style>\n  <\/div>\n\n\n\n<\/div><\/div>\n<div class=\"col grid-col small-12 large-3 grid-col-1-2\" ><div class=\"col-inner\">\n\n\n  <div class=\"banner has-hover\" id=\"banner-1257098418\">\n          <div class=\"banner-inner fill\">\n        <div class=\"banner-bg fill\" >\n                                                \n                    <\/div>\n\t\t\n        <div class=\"banner-layers container\">\n            <div class=\"fill banner-link\"><\/div>            \n\n   <div id=\"text-box-1955433513\" class=\"text-box banner-layer text-box-circle x50 md-x50 lg-x50 y50 md-y50 lg-y50 res-text\">\n                                <div class=\"text-box-content text dark\">\n              \n              <div class=\"text-inner text-center\">\n                  \n\n<h3 style=\"text-align: center;\"><span style=\"font-size: 120%;\">The Candy Bar<\/span><\/h3>\n<h4 style=\"text-align: center;\"><span style=\"font-size: 120%;\"><br \/>849 College St<br \/>Toronto, ON <\/span><\/h4>\n<h4 style=\"text-align: center;\"><span style=\"font-size: 120%;\"> <\/span><\/h4>\n\n              <\/div>\n           <\/div>\n                            \n<style>\n#text-box-1955433513 {\n  width: 72%;\n}\n#text-box-1955433513 .text-box-content {\n  font-size: 100%;\n}\n@media (min-width:550px) {\n  #text-box-1955433513 {\n    width: 85%;\n  }\n}\n@media (min-width:850px) {\n  #text-box-1955433513 {\n    width: 63%;\n  }\n}\n<\/style>\n    <\/div>\n \n\n        <\/div>\n      <\/div>\n\n            \n<style>\n#banner-1257098418 {\n  padding-top: 500px;\n  background-color: rgb(120, 157, 74);\n}\n@media (min-width:850px) {\n  #banner-1257098418 {\n    padding-top: 500px;\n  }\n}\n<\/style>\n  <\/div>\n\n\n\n<\/div><\/div>\n<div class=\"col grid-col small-12 large-3 grid-col-1-2\" ><div class=\"col-inner\">\n\n\n  <div class=\"banner has-hover\" id=\"banner-871112758\">\n          <div class=\"banner-inner fill\">\n        <div class=\"banner-bg fill\" >\n                                                \n                    <\/div>\n\t\t\n        <div class=\"banner-layers container\">\n            <div class=\"fill banner-link\"><\/div>            \n\n   <div id=\"text-box-1507297789\" class=\"text-box banner-layer text-box-circle x50 md-x50 lg-x50 y50 md-y50 lg-y50 res-text\">\n                                <div class=\"text-box-content text dark\">\n              \n              <div class=\"text-inner text-center\">\n                  \n\n<h3 style=\"text-align: center;\"><span style=\"font-size: 120%;\">Kultrun Market<\/span><\/h3>\n<h4 style=\"text-align: center;\"><span style=\"font-size: 120%;\"><br \/>1429 King St N<br \/>St. Jacob, ON<\/span><\/h4><\/p>\n\n              <\/div>\n           <\/div>\n                            \n<style>\n#text-box-1507297789 {\n  width: 72%;\n}\n#text-box-1507297789 .text-box-content {\n  font-size: 100%;\n}\n@media (min-width:550px) {\n  #text-box-1507297789 {\n    width: 85%;\n  }\n}\n@media (min-width:850px) {\n  #text-box-1507297789 {\n    width: 63%;\n  }\n}\n<\/style>\n    <\/div>\n \n\n        <\/div>\n      <\/div>\n\n            \n<style>\n#banner-871112758 {\n  padding-top: 500px;\n  background-color: rgb(239, 219, 178);\n}\n<\/style>\n  <\/div>\n\n\n\n<\/div><\/div>\n\n            <\/div>\n    <style>\n    #banner-grid-1349394041 .grid-col-1{height: 660px}\n    #banner-grid-1349394041 .grid-col-1-2{height: 330px}\n    #banner-grid-1349394041 .grid-col-1-3{height:220px}\n    #banner-grid-1349394041 .grid-col-2-3{height: 440px}\n    #banner-grid-1349394041 .grid-col-1-4{height: 165px}\n    #banner-grid-1349394041 .grid-col-3-4{height: 495px}\n\n\n    \n    \n\n  <\/style>\n    <\/div>\n  \n  <div class=\"banner-grid-wrapper\">\n  <div id=\"banner-grid-254562428\" class=\"banner-grid row row-grid row-xsmall row-full-width\" data-packery-options=\"\">\n                      \n\n<div class=\"col grid-col small-14 large-3 grid-col-1-2\" ><div class=\"col-inner\">\n\n\n  <div class=\"banner has-hover\" id=\"banner-1564862433\">\n          <div class=\"banner-inner fill\">\n        <div class=\"banner-bg fill\" >\n                                                \n                    <\/div>\n\t\t\n        <div class=\"banner-layers container\">\n            <div class=\"fill banner-link\"><\/div>            \n\n   <div id=\"text-box-1927968086\" class=\"text-box banner-layer text-box-circle x50 md-x50 lg-x50 y50 md-y50 lg-y50 res-text\">\n                                <div class=\"text-box-content text dark\">\n              \n              <div class=\"text-inner text-center\">\n                  \n\n<h3 style=\"text-align: center;\"><span style=\"font-size: 120%;\">Riverview Country Market<br \/><\/span><\/h3>\n<h4 style=\"text-align: center;\"><span style=\"font-size: 120%;\"><br \/>21 Riverside Dr<br \/>Charlottetown, PE <\/span><\/h4>\n<h4 style=\"text-align: center;\"> <\/h4>\n\n              <\/div>\n           <\/div>\n                            \n<style>\n#text-box-1927968086 {\n  width: 72%;\n}\n#text-box-1927968086 .text-box-content {\n  font-size: 100%;\n}\n@media (min-width:550px) {\n  #text-box-1927968086 {\n    width: 85%;\n  }\n}\n@media (min-width:850px) {\n  #text-box-1927968086 {\n    width: 63%;\n  }\n}\n<\/style>\n    <\/div>\n \n\n        <\/div>\n      <\/div>\n\n            \n<style>\n#banner-1564862433 {\n  padding-top: 500px;\n  background-color: rgb(239, 219, 178);\n}\n<\/style>\n  <\/div>\n\n\n\n<\/div><\/div>\n<div class=\"col grid-col small-14 large-3 grid-col-1-2\" ><div class=\"col-inner\">\n\n\n  <div class=\"banner has-hover\" id=\"banner-1414692242\">\n          <div class=\"banner-inner fill\">\n        <div class=\"banner-bg fill\" >\n                                                \n                    <\/div>\n\t\t\n        <div class=\"banner-layers container\">\n            <div class=\"fill banner-link\"><\/div>            \n\n   <div id=\"text-box-875758279\" class=\"text-box banner-layer text-box-circle x50 md-x50 lg-x50 y50 md-y50 lg-y50 res-text\">\n                                <div class=\"text-box-content text dark\">\n              \n              <div class=\"text-inner text-center\">\n                  \n\n<h3 style=\"text-align: center;\"><span style=\"font-size: 114%;\">G\u00e9og\u00e8ne Micro-torr\u00e9facteur<br \/><\/span><\/h3>\n<h4 style=\"text-align: center;\"><span style=\"font-size: 120%;\"><br \/>2370 Galt Ouest<br \/>Sherbrooke, QC <\/span><\/h4>\n<h4 style=\"text-align: center;\"> <\/h4>\n\n              <\/div>\n           <\/div>\n                            \n<style>\n#text-box-875758279 {\n  width: 72%;\n}\n#text-box-875758279 .text-box-content {\n  font-size: 100%;\n}\n@media (min-width:550px) {\n  #text-box-875758279 {\n    width: 85%;\n  }\n}\n@media (min-width:850px) {\n  #text-box-875758279 {\n    width: 63%;\n  }\n}\n<\/style>\n    <\/div>\n \n\n        <\/div>\n      <\/div>\n\n            \n<style>\n#banner-1414692242 {\n  padding-top: 500px;\n  background-color: rgb(120, 157, 74);\n}\n<\/style>\n  <\/div>\n\n\n\n<\/div><\/div>\n<div class=\"col grid-col small-14 large-3 grid-col-1-2\" ><div class=\"col-inner\">\n\n\n  <div class=\"banner has-hover\" id=\"banner-1893318685\">\n          <div class=\"banner-inner fill\">\n        <div class=\"banner-bg fill\" >\n                                                \n                    <\/div>\n\t\t\n        <div class=\"banner-layers container\">\n            <div class=\"fill banner-link\"><\/div>            \n\n   <div id=\"text-box-2090521253\" class=\"text-box banner-layer text-box-circle x50 md-x50 lg-x50 y50 md-y50 lg-y50 res-text\">\n                                <div class=\"text-box-content text dark\">\n              \n              <div class=\"text-inner text-center\">\n                  \n\n<h3 style=\"text-align: center;\"><span style=\"font-size: 114%;\">Caf\u00e9 Hubert Saint-Jean 1923<br \/><\/span><\/h3>\n<h4 style=\"text-align: center;\"><span style=\"font-size: 120%;\"><br \/>1627 King Ouest<br \/>Sherbrooke, QC <\/span><\/h4>\n<h4 style=\"text-align: center;\"> <\/h4>\n\n              <\/div>\n           <\/div>\n                            \n<style>\n#text-box-2090521253 {\n  width: 72%;\n}\n#text-box-2090521253 .text-box-content {\n  font-size: 100%;\n}\n@media (min-width:550px) {\n  #text-box-2090521253 {\n    width: 85%;\n  }\n}\n@media (min-width:850px) {\n  #text-box-2090521253 {\n    width: 63%;\n  }\n}\n<\/style>\n    <\/div>\n \n\n        <\/div>\n      <\/div>\n\n            \n<style>\n#banner-1893318685 {\n  padding-top: 500px;\n  background-color: rgb(198, 137, 63);\n}\n<\/style>\n  <\/div>\n\n\n\n<\/div><\/div>\n\n            <\/div>\n    <style>\n    #banner-grid-254562428 .grid-col-1{height: 660px}\n    #banner-grid-254562428 .grid-col-1-2{height: 330px}\n    #banner-grid-254562428 .grid-col-1-3{height:220px}\n    #banner-grid-254562428 .grid-col-2-3{height: 440px}\n    #banner-grid-254562428 .grid-col-1-4{height: 165px}\n    #banner-grid-254562428 .grid-col-3-4{height: 495px}\n\n\n    \n    \n\n  <\/style>\n    <\/div>\n  \n\n","protected":false},"excerpt":{"rendered":"","protected":false},"author":1,"featured_media":0,"parent":0,"menu_order":0,"comment_status":"closed","ping_status":"closed","template":"page-blank.php","meta":{"footnotes":""},"class_list":["post-2263","page","type-page","status-publish","hentry"],"yoast_head":"<!-- This site is optimized with the Yoast SEO plugin v27.3 - https:\/\/yoast.com\/product\/yoast-seo-wordpress\/ -->\n<title>Points De Vente - Barbon Chocolate<\/title>\n<meta name=\"robots\" content=\"index, follow, max-snippet:-1, max-image-preview:large, max-video-preview:-1\" \/>\n<link rel=\"canonical\" href=\"https:\/\/barbonchocolate.com\/fr\/pointsdevente\/\" \/>\n<meta property=\"og:locale\" content=\"fr_FR\" \/>\n<meta property=\"og:type\" content=\"article\" \/>\n<meta property=\"og:title\" content=\"Points De Vente - Barbon Chocolate\" \/>\n<meta property=\"og:url\" content=\"https:\/\/barbonchocolate.com\/fr\/pointsdevente\/\" \/>\n<meta property=\"og:site_name\" content=\"Barbon Chocolate\" \/>\n<meta property=\"article:publisher\" content=\"http:\/\/facebook.com\/barbonchocolate.com\" \/>\n<meta property=\"article:modified_time\" content=\"2020-10-21T14:08:19+00:00\" \/>\n<meta name=\"twitter:card\" content=\"summary_large_image\" \/>\n<meta name=\"twitter:site\" content=\"@barbonchocolate\" \/>\n<meta name=\"twitter:label1\" content=\"Dur\u00e9e de lecture estim\u00e9e\" \/>\n\t<meta name=\"twitter:data1\" content=\"2 minutes\" \/>\n<script type=\"application\/ld+json\" class=\"yoast-schema-graph\">{\"@context\":\"https:\\\/\\\/schema.org\",\"@graph\":[{\"@type\":\"WebPage\",\"@id\":\"https:\\\/\\\/barbonchocolate.com\\\/fr\\\/pointsdevente\\\/\",\"url\":\"https:\\\/\\\/barbonchocolate.com\\\/fr\\\/pointsdevente\\\/\",\"name\":\"Points De Vente - Barbon Chocolate\",\"isPartOf\":{\"@id\":\"https:\\\/\\\/barbonchocolate.com\\\/fr\\\/#website\"},\"datePublished\":\"2019-11-27T21:04:52+00:00\",\"dateModified\":\"2020-10-21T14:08:19+00:00\",\"breadcrumb\":{\"@id\":\"https:\\\/\\\/barbonchocolate.com\\\/fr\\\/pointsdevente\\\/#breadcrumb\"},\"inLanguage\":\"fr-FR\",\"potentialAction\":[{\"@type\":\"ReadAction\",\"target\":[\"https:\\\/\\\/barbonchocolate.com\\\/fr\\\/pointsdevente\\\/\"]}]},{\"@type\":\"BreadcrumbList\",\"@id\":\"https:\\\/\\\/barbonchocolate.com\\\/fr\\\/pointsdevente\\\/#breadcrumb\",\"itemListElement\":[{\"@type\":\"ListItem\",\"position\":1,\"name\":\"Home\",\"item\":\"https:\\\/\\\/barbonchocolate.com\\\/fr\\\/\"},{\"@type\":\"ListItem\",\"position\":2,\"name\":\"Points De Vente\"}]},{\"@type\":\"WebSite\",\"@id\":\"https:\\\/\\\/barbonchocolate.com\\\/fr\\\/#website\",\"url\":\"https:\\\/\\\/barbonchocolate.com\\\/fr\\\/\",\"name\":\"Barbon Chocolate\",\"description\":\"Chocolat m\u00e9daill\u00e9, confectionn\u00e9 de la f\u00e8ve \u00e0 la tablette\",\"publisher\":{\"@id\":\"https:\\\/\\\/barbonchocolate.com\\\/fr\\\/#organization\"},\"potentialAction\":[{\"@type\":\"SearchAction\",\"target\":{\"@type\":\"EntryPoint\",\"urlTemplate\":\"https:\\\/\\\/barbonchocolate.com\\\/fr\\\/?s={search_term_string}\"},\"query-input\":{\"@type\":\"PropertyValueSpecification\",\"valueRequired\":true,\"valueName\":\"search_term_string\"}}],\"inLanguage\":\"fr-FR\"},{\"@type\":\"Organization\",\"@id\":\"https:\\\/\\\/barbonchocolate.com\\\/fr\\\/#organization\",\"name\":\"Barbon Chocolate\",\"url\":\"https:\\\/\\\/barbonchocolate.com\\\/fr\\\/\",\"logo\":{\"@type\":\"ImageObject\",\"inLanguage\":\"fr-FR\",\"@id\":\"https:\\\/\\\/barbonchocolate.com\\\/fr\\\/#\\\/schema\\\/logo\\\/image\\\/\",\"url\":\"https:\\\/\\\/barbonchocolate.com\\\/wp-content\\\/uploads\\\/2020\\\/01\\\/favicon.ico\",\"contentUrl\":\"https:\\\/\\\/barbonchocolate.com\\\/wp-content\\\/uploads\\\/2020\\\/01\\\/favicon.ico\",\"width\":16,\"height\":16,\"caption\":\"Barbon Chocolate\"},\"image\":{\"@id\":\"https:\\\/\\\/barbonchocolate.com\\\/fr\\\/#\\\/schema\\\/logo\\\/image\\\/\"},\"sameAs\":[\"http:\\\/\\\/facebook.com\\\/barbonchocolate.com\",\"https:\\\/\\\/x.com\\\/barbonchocolate\",\"http:\\\/\\\/instagram.com\\\/barbonchocolate\"]}]}<\/script>\n<!-- \/ Yoast SEO plugin. -->","yoast_head_json":{"title":"Points De Vente - Barbon Chocolate","robots":{"index":"index","follow":"follow","max-snippet":"max-snippet:-1","max-image-preview":"max-image-preview:large","max-video-preview":"max-video-preview:-1"},"canonical":"https:\/\/barbonchocolate.com\/fr\/pointsdevente\/","og_locale":"fr_FR","og_type":"article","og_title":"Points De Vente - Barbon Chocolate","og_url":"https:\/\/barbonchocolate.com\/fr\/pointsdevente\/","og_site_name":"Barbon Chocolate","article_publisher":"http:\/\/facebook.com\/barbonchocolate.com","article_modified_time":"2020-10-21T14:08:19+00:00","twitter_card":"summary_large_image","twitter_site":"@barbonchocolate","twitter_misc":{"Dur\u00e9e de lecture estim\u00e9e":"2 minutes"},"schema":{"@context":"https:\/\/schema.org","@graph":[{"@type":"WebPage","@id":"https:\/\/barbonchocolate.com\/fr\/pointsdevente\/","url":"https:\/\/barbonchocolate.com\/fr\/pointsdevente\/","name":"Points De Vente - Barbon Chocolate","isPartOf":{"@id":"https:\/\/barbonchocolate.com\/fr\/#website"},"datePublished":"2019-11-27T21:04:52+00:00","dateModified":"2020-10-21T14:08:19+00:00","breadcrumb":{"@id":"https:\/\/barbonchocolate.com\/fr\/pointsdevente\/#breadcrumb"},"inLanguage":"fr-FR","potentialAction":[{"@type":"ReadAction","target":["https:\/\/barbonchocolate.com\/fr\/pointsdevente\/"]}]},{"@type":"BreadcrumbList","@id":"https:\/\/barbonchocolate.com\/fr\/pointsdevente\/#breadcrumb","itemListElement":[{"@type":"ListItem","position":1,"name":"Home","item":"https:\/\/barbonchocolate.com\/fr\/"},{"@type":"ListItem","position":2,"name":"Points De Vente"}]},{"@type":"WebSite","@id":"https:\/\/barbonchocolate.com\/fr\/#website","url":"https:\/\/barbonchocolate.com\/fr\/","name":"Barbon Chocolate","description":"Chocolat m\u00e9daill\u00e9, confectionn\u00e9 de la f\u00e8ve \u00e0 la tablette","publisher":{"@id":"https:\/\/barbonchocolate.com\/fr\/#organization"},"potentialAction":[{"@type":"SearchAction","target":{"@type":"EntryPoint","urlTemplate":"https:\/\/barbonchocolate.com\/fr\/?s={search_term_string}"},"query-input":{"@type":"PropertyValueSpecification","valueRequired":true,"valueName":"search_term_string"}}],"inLanguage":"fr-FR"},{"@type":"Organization","@id":"https:\/\/barbonchocolate.com\/fr\/#organization","name":"Barbon Chocolate","url":"https:\/\/barbonchocolate.com\/fr\/","logo":{"@type":"ImageObject","inLanguage":"fr-FR","@id":"https:\/\/barbonchocolate.com\/fr\/#\/schema\/logo\/image\/","url":"https:\/\/barbonchocolate.com\/wp-content\/uploads\/2020\/01\/favicon.ico","contentUrl":"https:\/\/barbonchocolate.com\/wp-content\/uploads\/2020\/01\/favicon.ico","width":16,"height":16,"caption":"Barbon Chocolate"},"image":{"@id":"https:\/\/barbonchocolate.com\/fr\/#\/schema\/logo\/image\/"},"sameAs":["http:\/\/facebook.com\/barbonchocolate.com","https:\/\/x.com\/barbonchocolate","http:\/\/instagram.com\/barbonchocolate"]}]}},"_links":{"self":[{"href":"https:\/\/barbonchocolate.com\/fr\/wp-json\/wp\/v2\/pages\/2263","targetHints":{"allow":["GET"]}}],"collection":[{"href":"https:\/\/barbonchocolate.com\/fr\/wp-json\/wp\/v2\/pages"}],"about":[{"href":"https:\/\/barbonchocolate.com\/fr\/wp-json\/wp\/v2\/types\/page"}],"author":[{"embeddable":true,"href":"https:\/\/barbonchocolate.com\/fr\/wp-json\/wp\/v2\/users\/1"}],"replies":[{"embeddable":true,"href":"https:\/\/barbonchocolate.com\/fr\/wp-json\/wp\/v2\/comments?post=2263"}],"version-history":[{"count":8,"href":"https:\/\/barbonchocolate.com\/fr\/wp-json\/wp\/v2\/pages\/2263\/revisions"}],"predecessor-version":[{"id":2621,"href":"https:\/\/barbonchocolate.com\/fr\/wp-json\/wp\/v2\/pages\/2263\/revisions\/2621"}],"wp:attachment":[{"href":"https:\/\/barbonchocolate.com\/fr\/wp-json\/wp\/v2\/media?parent=2263"}],"curies":[{"name":"wp","href":"https:\/\/api.w.org\/{rel}","templated":true}]}}